{"id":17612,"date":"2017-03-27T09:42:09","date_gmt":"2017-03-27T13:42:09","guid":{"rendered":"http:\/\/predictivesuccess.sepstage.ca\/?page_id=17612\/"},"modified":"2020-03-27T09:51:23","modified_gmt":"2020-03-27T13:51:23","slug":"consolider-des-equipes-et-former-des-leaders","status":"publish","type":"page","link":"https:\/\/www.predictivesuccess.com\/fr\/consolider-des-equipes-et-former-des-leaders\/","title":{"rendered":"Consolider des \u00e9quipes et former des leaders"},"content":{"rendered":"<p><div class=\"fusion-fullwidth fullwidth-box fusion-builder-row-1 fusion-flex-container fusion-parallax-none nonhundred-percent-fullwidth non-hundred-percent-height-scrolling\" style=\"--awb-background-position:center bottom;--awb-background-blend-mode:overlay;--awb-border-radius-top-left:0px;--awb-border-radius-top-right:0px;--awb-border-radius-bottom-right:0px;--awb-border-radius-bottom-left:0px;--awb-padding-top:20px;--awb-padding-right:30px;--awb-padding-bottom:20px;--awb-padding-left:30px;--awb-margin-bottom:0px;--awb-background-color:rgba(0,0,0,0.8);--awb-background-image:url(&quot;https:\/\/www.predictivesuccess.com\/wp-content\/uploads\/2020\/03\/20180912-DSC05164-1200x800.jpg&quot;);--awb-background-size:cover;--awb-flex-wrap:wrap;\" ><div class=\"fusion-builder-row fusion-row fusion-flex-align-items-flex-start fusion-flex-content-wrap\" style=\"max-width:calc( 1400px + 0px );margin-left: calc(-0px \/ 2 );margin-right: calc(-0px \/ 2 );\"><div class=\"fusion-layout-column fusion_builder_column fusion-builder-column-0 fusion_builder_column_1_1 1_1 fusion-flex-column\" style=\"--awb-padding-top:100px;--awb-padding-right:0px;--awb-padding-bottom:100px;--awb-padding-left:0px;--awb-bg-size:cover;--awb-width-large:100%;--awb-margin-top-large:0px;--awb-spacing-right-large:0px;--awb-margin-bottom-large:0px;--awb-spacing-left-large:0px;--awb-width-medium:100%;--awb-spacing-right-medium:0px;--awb-spacing-left-medium:0px;--awb-width-small:100%;--awb-spacing-right-small:0px;--awb-spacing-left-small:0px;\"><div class=\"fusion-column-wrapper fusion-column-has-shadow fusion-flex-justify-content-center fusion-content-layout-column\"><div class=\"fusion-text fusion-text-1\"><h1 style=\"text-align: left; font-size: 60px; color: #fff;\">La r\u00e9f\u00e9rence en formation leadership et cr\u00e9ation d\u2019\u00e9quipes<\/h1>\n<\/div><\/div><\/div><\/div><\/div><div class=\"fusion-fullwidth fullwidth-box fusion-builder-row-2 fusion-flex-container nonhundred-percent-fullwidth non-hundred-percent-height-scrolling\" style=\"--awb-border-radius-top-left:0px;--awb-border-radius-top-right:0px;--awb-border-radius-bottom-right:0px;--awb-border-radius-bottom-left:0px;--awb-padding-top:45px;--awb-padding-bottom:25px;--awb-margin-bottom:0px;--awb-background-color:rgba(255,255,255,0);--awb-flex-wrap:wrap;\" ><div class=\"fusion-builder-row fusion-row fusion-flex-align-items-flex-start fusion-flex-content-wrap\" style=\"max-width:calc( 1400px + 0px );margin-left: calc(-0px \/ 2 );margin-right: calc(-0px \/ 2 );\"><div class=\"fusion-layout-column fusion_builder_column fusion-builder-column-1 fusion_builder_column_1_1 1_1 fusion-flex-column\" style=\"--awb-padding-bottom:0px;--awb-bg-size:cover;--awb-width-large:100%;--awb-margin-top-large:0px;--awb-spacing-right-large:0px;--awb-margin-bottom-large:0px;--awb-spacing-left-large:0px;--awb-width-medium:100%;--awb-spacing-right-medium:0px;--awb-spacing-left-medium:0px;--awb-width-small:100%;--awb-spacing-right-small:0px;--awb-spacing-left-small:0px;\"><div class=\"fusion-column-wrapper fusion-flex-justify-content-flex-start fusion-content-layout-column\"><div class=\"fusion-text fusion-text-2\"><h5>Une entreprise bien avis\u00e9e consid\u00e8re son effectif comme un atout et non comme un co\u00fbt. Cette entreprise comprend qu\u2019il est possible de tirer parti des personnes talentueuses afin de g\u00e9n\u00e9rer sa croissance.<\/h5>\n<h5>Pr\u00e9vision Succ\u00e8s utilise des donn\u00e9es afin d&#8217;optimiser le rendement de votre effectif. Il vous permet ainsi de constituer des \u00e9quipes hautement performantes et de cr\u00e9er un bassin de leaders pour soutenir le d\u00e9veloppement et favoriser la prosp\u00e9rit\u00e9 de votre entreprise.<\/h5>\n<\/div><div class=\"fusion-separator fusion-full-width-sep\" style=\"align-self: center;margin-left: auto;margin-right: auto;margin-top:25px;width:100%;\"><div class=\"fusion-separator-border sep-single sep-solid\" style=\"--awb-height:20px;--awb-amount:20px;border-color:#e0dede;border-top-width:1px;\"><\/div><\/div><\/div><\/div><\/div><\/div><div class=\"fusion-fullwidth fullwidth-box fusion-builder-row-3 fusion-flex-container nonhundred-percent-fullwidth non-hundred-percent-height-scrolling\" style=\"--awb-border-radius-top-left:0px;--awb-border-radius-top-right:0px;--awb-border-radius-bottom-right:0px;--awb-border-radius-bottom-left:0px;--awb-padding-top:20px;--awb-padding-bottom:25px;--awb-flex-wrap:wrap;\" ><div class=\"fusion-builder-row fusion-row fusion-flex-align-items-stretch fusion-flex-content-wrap\" style=\"max-width:1456px;margin-left: calc(-4% \/ 2 );margin-right: calc(-4% \/ 2 );\"><div class=\"fusion-layout-column fusion_builder_column fusion-builder-column-2 fusion_builder_column_3_5 3_5 fusion-flex-column\" style=\"--awb-bg-size:cover;--awb-width-large:60%;--awb-margin-top-large:0px;--awb-spacing-right-large:3.84%;--awb-margin-bottom-large:20px;--awb-spacing-left-large:3.2%;--awb-width-medium:100%;--awb-spacing-right-medium:1.92%;--awb-spacing-left-medium:1.92%;--awb-width-small:100%;--awb-spacing-right-small:1.92%;--awb-spacing-left-small:1.92%;\"><div class=\"fusion-column-wrapper fusion-flex-justify-content-flex-start fusion-content-layout-column\"><div class=\"fusion-text fusion-text-3\"><h2>Identifier les employ\u00e9s prometteurs :<\/h2>\n<ul class=\"arrow\">\n<li>L&#8217;un des principaux d\u00e9fis dans les milieux de travail actuels est de trouver des personnes qui ont la capacit\u00e9 et la volont\u00e9 de remplacer des employ\u00e9s qui occupent des postes de direction.<\/li>\n<li>D\u00e9terminer un style comportemental de leader hautement performant.<\/li>\n<li>Identifier avec pr\u00e9cision les personnes qui sont particuli\u00e8rement influentes.<\/li>\n<\/ul>\n<\/div><\/div><\/div><div class=\"fusion-layout-column fusion_builder_column fusion-builder-column-3 fusion_builder_column_2_5 2_5 fusion-flex-column\" style=\"--awb-bg-size:cover;--awb-width-large:40%;--awb-margin-top-large:0px;--awb-spacing-right-large:4.8%;--awb-margin-bottom-large:20px;--awb-spacing-left-large:3.84%;--awb-width-medium:100%;--awb-spacing-right-medium:1.92%;--awb-spacing-left-medium:1.92%;--awb-width-small:100%;--awb-spacing-right-small:1.92%;--awb-spacing-left-small:1.92%;\"><div class=\"fusion-column-wrapper fusion-flex-justify-content-flex-start fusion-content-layout-column\"><div class=\"fusion-image-element \" style=\"--awb-caption-title-font-family:var(--h2_typography-font-family);--awb-caption-title-font-weight:var(--h2_typography-font-weight);--awb-caption-title-font-style:var(--h2_typography-font-style);--awb-caption-title-size:var(--h2_typography-font-size);--awb-caption-title-transform:var(--h2_typography-text-transform);--awb-caption-title-line-height:var(--h2_typography-line-height);--awb-caption-title-letter-spacing:var(--h2_typography-letter-spacing);\"><span class=\" fusion-imageframe imageframe-none imageframe-1 hover-type-none\"><img decoding=\"async\" width=\"300\" height=\"200\" title=\"20180423-IMG_8209\" src=\"https:\/\/www.predictivesuccess.com\/wp-content\/uploads\/2020\/03\/20180423-IMG_8209-300x200.jpg\" alt class=\"img-responsive wp-image-47217\" srcset=\"https:\/\/www.predictivesuccess.com\/wp-content\/uploads\/2020\/03\/20180423-IMG_8209-200x133.jpg 200w, https:\/\/www.predictivesuccess.com\/wp-content\/uploads\/2020\/03\/20180423-IMG_8209-400x267.jpg 400w, https:\/\/www.predictivesuccess.com\/wp-content\/uploads\/2020\/03\/20180423-IMG_8209-600x400.jpg 600w, https:\/\/www.predictivesuccess.com\/wp-content\/uploads\/2020\/03\/20180423-IMG_8209-800x533.jpg 800w, https:\/\/www.predictivesuccess.com\/wp-content\/uploads\/2020\/03\/20180423-IMG_8209-1200x800.jpg 1200w\" sizes=\"(max-width: 1024px) 100vw, (max-width: 640px) 100vw, 600px\" \/><\/span><\/div><\/div><\/div><\/div><\/div><div class=\"fusion-fullwidth fullwidth-box fusion-builder-row-4 fusion-flex-container nonhundred-percent-fullwidth non-hundred-percent-height-scrolling\" style=\"--awb-border-radius-top-left:0px;--awb-border-radius-top-right:0px;--awb-border-radius-bottom-right:0px;--awb-border-radius-bottom-left:0px;--awb-padding-top:45px;--awb-padding-bottom:25px;--awb-margin-top:5px;--awb-margin-bottom:0px;--awb-background-color:#f6f6f6;--awb-flex-wrap:wrap;\" ><div class=\"fusion-builder-row fusion-row fusion-flex-align-items-flex-start fusion-flex-content-wrap\" style=\"max-width:calc( 1400px + 0px );margin-left: calc(-0px \/ 2 );margin-right: calc(-0px \/ 2 );\"><div class=\"fusion-layout-column fusion_builder_column fusion-builder-column-4 fusion_builder_column_1_1 1_1 fusion-flex-column\" style=\"--awb-bg-size:cover;--awb-width-large:100%;--awb-margin-top-large:0px;--awb-spacing-right-large:0px;--awb-margin-bottom-large:20px;--awb-spacing-left-large:0px;--awb-width-medium:100%;--awb-spacing-right-medium:0px;--awb-spacing-left-medium:0px;--awb-width-small:100%;--awb-spacing-right-small:0px;--awb-spacing-left-small:0px;\"><div class=\"fusion-column-wrapper fusion-flex-justify-content-flex-start fusion-content-layout-column\"><div class=\"fusion-text fusion-text-4\"><p>En d\u00e9couvrant les comportements et motivations de vos leaders, vous serez en mesure de mieux comprendre comment maintenir leur engagement et am\u00e9liorer leur rendement. Vos leaders ont \u00e9galement besoin d&#8217;accompagnement professionnel \u00e0 l&#8217;occasion. Lorsque le rendement ne r\u00e9pond pas aux attentes, il s&#8217;agit de se pencher sur les employ\u00e9s individuels, mais \u00e9galement sur le leader et l&#8217;\u00e9quipe en tant qu&#8217;unit\u00e9. Nous pouvons vous aider \u00e0 d\u00e9terminer les points \u00e0 am\u00e9liorer de vos leaders. Nous offrons \u00e9galement des guides d&#8217;accompagnement professionnel et des plans de rel\u00e8ve. La consolidation d&#8217;une \u00e9quipe qui travaille bien ensemble et qui partage les m\u00eames buts se traduit par un environnement de travail plus engag\u00e9 et productif pour tous.<\/p>\n<\/div><\/div><\/div><div class=\"fusion-layout-column fusion_builder_column fusion-builder-column-5 fusion_builder_column_1_1 1_1 fusion-flex-column\" style=\"--awb-bg-size:cover;--awb-width-large:100%;--awb-margin-top-large:0px;--awb-spacing-right-large:0px;--awb-margin-bottom-large:20px;--awb-spacing-left-large:0px;--awb-width-medium:100%;--awb-spacing-right-medium:0px;--awb-spacing-left-medium:0px;--awb-width-small:100%;--awb-spacing-right-small:0px;--awb-spacing-left-small:0px;\"><div class=\"fusion-column-wrapper fusion-flex-justify-content-flex-start fusion-content-layout-column\"><div style=\"text-align:center;\"><a class=\"fusion-button button-flat button-large button-default fusion-button-default button-1 fusion-button-default-span fusion-button-default-type\" target=\"_blank\" rel=\"noopener noreferrer\" href=\"https:\/\/www.predictivesuccess.com\/wp-content\/uploads\/2017\/03\/Hunting_Down_High-potential_Talent_and_Future_Leaders_eBook.pdf\"><span class=\"fusion-button-text awb-button__text awb-button__text--default\">HiPo Drive (en anglais)<\/span><\/a><\/div><\/div><\/div><\/div><\/div><\/p>\n","protected":false},"excerpt":{"rendered":"","protected":false},"author":2,"featured_media":26644,"parent":0,"menu_order":0,"comment_status":"closed","ping_status":"closed","template":"100-width.php","meta":{"_acf_changed":false,"protect_children":false,"footnotes":""},"class_list":["post-17612","page","type-page","status-publish","has-post-thumbnail","hentry"],"acf":[],"yoast_head":"<!-- This site is optimized with the Yoast SEO plugin v27.2 - https:\/\/yoast.com\/product\/yoast-seo-wordpress\/ -->\n<title>Formation sur le leadership | Pr\u00e9vision Succ\u00e8s Canada<\/title>\n<meta name=\"description\" content=\"Pr\u00e9vision Succ\u00e8s, le chef de file du Canada en consolidation d\u2019\u00e9quipe \u00e0 l&#039;aide d&#039;\u00e9valuations cognitives et comportementales. Predictive Index\u00ae pour des formations sur le leadership am\u00e9lior\u00e9es. Voyez comment le PI\u00ae peut vous aider avec le d\u00e9veloppement des leaders de votre \u00e9quipe.\" \/>\n<meta name=\"robots\" content=\"index, follow, max-snippet:-1, max-image-preview:large, max-video-preview:-1\" \/>\n<link rel=\"canonical\" href=\"https:\/\/www.predictivesuccess.com\/fr\/consolider-des-equipes-et-former-des-leaders\/\" \/>\n<meta property=\"og:locale\" content=\"fr_FR\" \/>\n<meta property=\"og:type\" content=\"article\" \/>\n<meta property=\"og:title\" content=\"Formation sur le leadership | Pr\u00e9vision Succ\u00e8s Canada\" \/>\n<meta property=\"og:description\" content=\"Pr\u00e9vision Succ\u00e8s, le chef de file du Canada en consolidation d\u2019\u00e9quipe \u00e0 l&#039;aide d&#039;\u00e9valuations cognitives et comportementales. Predictive Index\u00ae pour des formations sur le leadership am\u00e9lior\u00e9es. Voyez comment le PI\u00ae peut vous aider avec le d\u00e9veloppement des leaders de votre \u00e9quipe.\" \/>\n<meta property=\"og:url\" content=\"https:\/\/www.predictivesuccess.com\/fr\/consolider-des-equipes-et-former-des-leaders\/\" \/>\n<meta property=\"og:site_name\" content=\"Predictive Success\" \/>\n<meta property=\"article:modified_time\" content=\"2020-03-27T13:51:23+00:00\" \/>\n<meta property=\"og:image\" content=\"https:\/\/www.predictivesuccess.com\/wp-content\/uploads\/2020\/03\/20180912-DSC05164.jpg\" \/>\n\t<meta property=\"og:image:width\" content=\"3600\" \/>\n\t<meta property=\"og:image:height\" content=\"2400\" \/>\n\t<meta property=\"og:image:type\" content=\"image\/jpeg\" \/>\n<meta name=\"twitter:card\" content=\"summary_large_image\" \/>\n<meta name=\"twitter:site\" content=\"@PredictSuccess\" \/>\n<meta name=\"twitter:label1\" content=\"Dur\u00e9e de lecture estim\u00e9e\" \/>\n\t<meta name=\"twitter:data1\" content=\"7 minutes\" \/>\n<!-- \/ Yoast SEO plugin. -->","yoast_head_json":{"title":"Formation sur le leadership | Pr\u00e9vision Succ\u00e8s Canada","description":"Pr\u00e9vision Succ\u00e8s, le chef de file du Canada en consolidation d\u2019\u00e9quipe \u00e0 l'aide d'\u00e9valuations cognitives et comportementales. Predictive Index\u00ae pour des formations sur le leadership am\u00e9lior\u00e9es. Voyez comment le PI\u00ae peut vous aider avec le d\u00e9veloppement des leaders de votre \u00e9quipe.","robots":{"index":"index","follow":"follow","max-snippet":"max-snippet:-1","max-image-preview":"max-image-preview:large","max-video-preview":"max-video-preview:-1"},"canonical":"https:\/\/www.predictivesuccess.com\/fr\/consolider-des-equipes-et-former-des-leaders\/","og_locale":"fr_FR","og_type":"article","og_title":"Formation sur le leadership | Pr\u00e9vision Succ\u00e8s Canada","og_description":"Pr\u00e9vision Succ\u00e8s, le chef de file du Canada en consolidation d\u2019\u00e9quipe \u00e0 l'aide d'\u00e9valuations cognitives et comportementales. Predictive Index\u00ae pour des formations sur le leadership am\u00e9lior\u00e9es. Voyez comment le PI\u00ae peut vous aider avec le d\u00e9veloppement des leaders de votre \u00e9quipe.","og_url":"https:\/\/www.predictivesuccess.com\/fr\/consolider-des-equipes-et-former-des-leaders\/","og_site_name":"Predictive Success","article_modified_time":"2020-03-27T13:51:23+00:00","og_image":[{"width":3600,"height":2400,"url":"https:\/\/www.predictivesuccess.com\/wp-content\/uploads\/2020\/03\/20180912-DSC05164.jpg","type":"image\/jpeg"}],"twitter_card":"summary_large_image","twitter_site":"@PredictSuccess","twitter_misc":{"Dur\u00e9e de lecture estim\u00e9e":"7 minutes"},"schema":{"@context":"https:\/\/schema.org","@graph":[{"@type":"WebPage","@id":"https:\/\/www.predictivesuccess.com\/fr\/consolider-des-equipes-et-former-des-leaders\/","url":"https:\/\/www.predictivesuccess.com\/fr\/consolider-des-equipes-et-former-des-leaders\/","name":"Formation sur le leadership | Pr\u00e9vision Succ\u00e8s Canada","isPartOf":{"@id":"https:\/\/www.predictivesuccess.com\/fr\/#website"},"primaryImageOfPage":{"@id":"https:\/\/www.predictivesuccess.com\/fr\/consolider-des-equipes-et-former-des-leaders\/#primaryimage"},"image":{"@id":"https:\/\/www.predictivesuccess.com\/fr\/consolider-des-equipes-et-former-des-leaders\/#primaryimage"},"thumbnailUrl":"https:\/\/www.predictivesuccess.com\/wp-content\/uploads\/2020\/03\/20180912-DSC05164.jpg","datePublished":"2017-03-27T13:42:09+00:00","dateModified":"2020-03-27T13:51:23+00:00","description":"Pr\u00e9vision Succ\u00e8s, le chef de file du Canada en consolidation d\u2019\u00e9quipe \u00e0 l'aide d'\u00e9valuations cognitives et comportementales. Predictive Index\u00ae pour des formations sur le leadership am\u00e9lior\u00e9es. Voyez comment le PI\u00ae peut vous aider avec le d\u00e9veloppement des leaders de votre \u00e9quipe.","breadcrumb":{"@id":"https:\/\/www.predictivesuccess.com\/fr\/consolider-des-equipes-et-former-des-leaders\/#breadcrumb"},"inLanguage":"fr-FR","potentialAction":[{"@type":"ReadAction","target":["https:\/\/www.predictivesuccess.com\/fr\/consolider-des-equipes-et-former-des-leaders\/"]}]},{"@type":"ImageObject","inLanguage":"fr-FR","@id":"https:\/\/www.predictivesuccess.com\/fr\/consolider-des-equipes-et-former-des-leaders\/#primaryimage","url":"https:\/\/www.predictivesuccess.com\/wp-content\/uploads\/2020\/03\/20180912-DSC05164.jpg","contentUrl":"https:\/\/www.predictivesuccess.com\/wp-content\/uploads\/2020\/03\/20180912-DSC05164.jpg","width":3600,"height":2400},{"@type":"BreadcrumbList","@id":"https:\/\/www.predictivesuccess.com\/fr\/consolider-des-equipes-et-former-des-leaders\/#breadcrumb","itemListElement":[{"@type":"ListItem","position":1,"name":"Accueil","item":"https:\/\/www.predictivesuccess.com\/fr\/"},{"@type":"ListItem","position":2,"name":"Consolider des \u00e9quipes et former des leaders"}]},{"@type":"WebSite","@id":"https:\/\/www.predictivesuccess.com\/fr\/#website","url":"https:\/\/www.predictivesuccess.com\/fr\/","name":"Predictive Success","description":"","potentialAction":[{"@type":"SearchAction","target":{"@type":"EntryPoint","urlTemplate":"https:\/\/www.predictivesuccess.com\/fr\/?s={search_term_string}"},"query-input":{"@type":"PropertyValueSpecification","valueRequired":true,"valueName":"search_term_string"}}],"inLanguage":"fr-FR"}]}},"_links":{"self":[{"href":"https:\/\/www.predictivesuccess.com\/fr\/wp-json\/wp\/v2\/pages\/17612","targetHints":{"allow":["GET"]}}],"collection":[{"href":"https:\/\/www.predictivesuccess.com\/fr\/wp-json\/wp\/v2\/pages"}],"about":[{"href":"https:\/\/www.predictivesuccess.com\/fr\/wp-json\/wp\/v2\/types\/page"}],"author":[{"embeddable":true,"href":"https:\/\/www.predictivesuccess.com\/fr\/wp-json\/wp\/v2\/users\/2"}],"replies":[{"embeddable":true,"href":"https:\/\/www.predictivesuccess.com\/fr\/wp-json\/wp\/v2\/comments?post=17612"}],"version-history":[{"count":0,"href":"https:\/\/www.predictivesuccess.com\/fr\/wp-json\/wp\/v2\/pages\/17612\/revisions"}],"wp:featuredmedia":[{"embeddable":true,"href":"https:\/\/www.predictivesuccess.com\/fr\/wp-json\/wp\/v2\/media\/26644"}],"wp:attachment":[{"href":"https:\/\/www.predictivesuccess.com\/fr\/wp-json\/wp\/v2\/media?parent=17612"}],"curies":[{"name":"wp","href":"https:\/\/api.w.org\/{rel}","templated":true}]}}