{"id":17620,"date":"2017-03-27T10:29:31","date_gmt":"2017-03-27T14:29:31","guid":{"rendered":"http:\/\/predictivesuccess.sepstage.ca\/?page_id=17620\/"},"modified":"2020-03-27T10:08:52","modified_gmt":"2020-03-27T14:08:52","slug":"trouver-et-embaucher-les-personnes-qualifiees","status":"publish","type":"page","link":"https:\/\/www.predictivesuccess.com\/fr\/trouver-et-embaucher-les-personnes-qualifiees\/","title":{"rendered":"Trouver et embaucher les personnes qualifi\u00e9es"},"content":{"rendered":"<p><div class=\"fusion-fullwidth fullwidth-box fusion-builder-row-1 fusion-flex-container fusion-parallax-none nonhundred-percent-fullwidth non-hundred-percent-height-scrolling\" style=\"--awb-background-blend-mode:overlay;--awb-border-radius-top-left:0px;--awb-border-radius-top-right:0px;--awb-border-radius-bottom-right:0px;--awb-border-radius-bottom-left:0px;--awb-padding-top:20px;--awb-padding-bottom:20px;--awb-margin-bottom:25px;--awb-background-color:rgba(0,0,0,0.8);--awb-background-image:url(&quot;https:\/\/www.predictivesuccess.com\/wp-content\/uploads\/2020\/01\/20180430-IMG_8366-e1580146259901-1200x546.jpg&quot;);--awb-background-size:cover;--awb-flex-wrap:wrap;\" ><div class=\"fusion-builder-row fusion-row fusion-flex-align-items-flex-start fusion-flex-content-wrap\" style=\"max-width:calc( 1400px + 0px );margin-left: calc(-0px \/ 2 );margin-right: calc(-0px \/ 2 );\"><div class=\"fusion-layout-column fusion_builder_column fusion-builder-column-0 fusion_builder_column_1_1 1_1 fusion-flex-column\" style=\"--awb-padding-top:60px;--awb-padding-bottom:60px;--awb-bg-size:cover;--awb-width-large:100%;--awb-margin-top-large:0px;--awb-spacing-right-large:0px;--awb-margin-bottom-large:20px;--awb-spacing-left-large:0px;--awb-width-medium:100%;--awb-spacing-right-medium:0px;--awb-spacing-left-medium:0px;--awb-width-small:100%;--awb-spacing-right-small:0px;--awb-spacing-left-small:0px;\"><div class=\"fusion-column-wrapper fusion-column-has-shadow fusion-flex-justify-content-center fusion-content-layout-column\"><div class=\"fusion-title title fusion-title-1 fusion-sep-none fusion-title-text fusion-title-size-one banner-heading bold center\" style=\"--awb-margin-bottom:0px;--awb-margin-top-small:0px;--awb-margin-right-small:0px;--awb-margin-bottom-small:20px;--awb-margin-left-small:0px;\"><h1 class=\"fusion-title-heading title-heading-left fusion-responsive-typography-calculated\" style=\"margin:0;--fontSize:36;line-height:1.4;\"><h1 style=\"text-align: left;\"><span style=\"color: #ffffff; font-size: 60px;\">Le conseiller en recrutement pour les strat\u00e9gies d&#8217;embauche<\/span><\/h1><\/h1><\/div><\/div><\/div><\/div><\/div><div class=\"fusion-fullwidth fullwidth-box fusion-builder-row-2 fusion-flex-container nonhundred-percent-fullwidth non-hundred-percent-height-scrolling\" style=\"--awb-border-radius-top-left:0px;--awb-border-radius-top-right:0px;--awb-border-radius-bottom-right:0px;--awb-border-radius-bottom-left:0px;--awb-padding-top:20px;--awb-padding-bottom:20px;--awb-flex-wrap:wrap;\" ><div class=\"fusion-builder-row fusion-row fusion-flex-align-items-flex-start fusion-flex-content-wrap\" style=\"max-width:1456px;margin-left: calc(-4% \/ 2 );margin-right: calc(-4% \/ 2 );\"><div class=\"fusion-layout-column fusion_builder_column fusion-builder-column-1 fusion_builder_column_1_1 1_1 fusion-flex-column\" style=\"--awb-bg-size:cover;--awb-width-large:100%;--awb-margin-top-large:0px;--awb-spacing-right-large:1.92%;--awb-margin-bottom-large:20px;--awb-spacing-left-large:1.92%;--awb-width-medium:100%;--awb-spacing-right-medium:1.92%;--awb-spacing-left-medium:1.92%;--awb-width-small:100%;--awb-spacing-right-small:1.92%;--awb-spacing-left-small:1.92%;\"><div class=\"fusion-column-wrapper fusion-flex-justify-content-flex-start fusion-content-layout-column\"><div class=\"fusion-text fusion-text-1\"><p>De mauvaises d\u00e9cisions d\u2019embauche peuvent avoir de s\u00e9rieuses incidences sur les r\u00e9sultats d\u2019une entreprise. Notre syst\u00e8me vous permet d\u2019\u00e9laborer des strat\u00e9gies afin d\u2019affecter les bonnes personnes aux bons postes. Il permet \u00e9galement d\u2019assurer que l\u2019accueil et l\u2019int\u00e9gration des nouveaux employ\u00e9s soient effectu\u00e9s en fonction d\u2019un processus d\u00e9cisionnel personnalis\u00e9 et avis\u00e9 en mati\u00e8re d\u2019effectif. Nos outils \u00e9liminent les conjectures dans le processus de s\u00e9lection et vous permettent de :<\/p>\n<ul class=\"arrow\">\n<li>D\u00e9finir les exigences comportementales d\u2019un r\u00f4le<\/li>\n<li>Cibler les candidats id\u00e9aux<\/li>\n<li>D\u00e9terminer les volont\u00e9s comportementales naturelles des candidats<\/li>\n<li>Effectuer des analyses de concordance ou d\u2019\u00e9cart<\/li>\n<\/ul>\n<\/div><div class=\"fusion-separator fusion-full-width-sep\" style=\"align-self: center;margin-left: auto;margin-right: auto;margin-top:25px;margin-bottom:25px;width:100%;\"><div class=\"fusion-separator-border sep-single sep-solid\" style=\"--awb-height:20px;--awb-amount:20px;border-color:#e0dede;border-top-width:1px;\"><\/div><\/div><\/div><\/div><div class=\"fusion-layout-column fusion_builder_column fusion-builder-column-2 fusion_builder_column_3_4 3_4 fusion-flex-column\" style=\"--awb-bg-size:cover;--awb-width-large:75%;--awb-margin-top-large:0px;--awb-spacing-right-large:3.84%;--awb-margin-bottom-large:20px;--awb-spacing-left-large:2.56%;--awb-width-medium:100%;--awb-spacing-right-medium:1.92%;--awb-spacing-left-medium:1.92%;--awb-width-small:100%;--awb-spacing-right-small:1.92%;--awb-spacing-left-small:1.92%;\"><div class=\"fusion-column-wrapper fusion-flex-justify-content-flex-start fusion-content-layout-column\"><div class=\"fusion-title title fusion-title-2 fusion-sep-none fusion-title-text fusion-title-size-three\" style=\"--awb-margin-bottom:0px;--awb-margin-top-small:0px;--awb-margin-right-small:0px;--awb-margin-bottom-small:20px;--awb-margin-left-small:0px;\"><h3 class=\"fusion-title-heading title-heading-left fusion-responsive-typography-calculated\" style=\"margin:0;--fontSize:26;line-height:1.5;\">Embaucher la bonne personne<\/h3><\/div><div class=\"fusion-text fusion-text-2\"><p>Pour attirer la personne la plus talentueuse et s&#8217;assurer de sa compatibilit\u00e9 avec le poste et la culture de votre entreprise, vous devez vous pencher sur les aspects suivants\u00a0: la t\u00eate, le c\u0153ur et le porte-documents.<\/p>\n<p><strong>La t\u00eate.<\/strong><\/p>\n<ul class=\"arrow\">\n<li>Les comportements, volont\u00e9s et motivations d\u2019une personne<\/li>\n<li>Son aptitude et sa capacit\u00e9 \u00e0 apprendre<\/li>\n<\/ul>\n<p><strong>Le c\u0153ur.<\/strong><\/p>\n<ul class=\"arrow\">\n<li>Son attitude et ses valeurs<\/li>\n<\/ul>\n<p><strong>Le porte-documents.<\/strong><\/p>\n<ul class=\"arrow\">\n<li>Son curriculum vit\u00e6<\/li>\n<li>Sa formation, ses connaissances, ses comp\u00e9tences et son exp\u00e9rience<\/li>\n<\/ul>\n<\/div><\/div><\/div><div class=\"fusion-layout-column fusion_builder_column fusion-builder-column-3 fusion_builder_column_1_4 1_4 fusion-flex-column\" style=\"--awb-bg-size:cover;--awb-width-large:25%;--awb-margin-top-large:0px;--awb-spacing-right-large:7.68%;--awb-margin-bottom-large:20px;--awb-spacing-left-large:3.84%;--awb-width-medium:100%;--awb-spacing-right-medium:1.92%;--awb-spacing-left-medium:1.92%;--awb-width-small:100%;--awb-spacing-right-small:1.92%;--awb-spacing-left-small:1.92%;\"><div class=\"fusion-column-wrapper fusion-flex-justify-content-flex-start fusion-content-layout-column\"><div class=\"fusion-image-element \" style=\"--awb-caption-title-font-family:var(--h2_typography-font-family);--awb-caption-title-font-weight:var(--h2_typography-font-weight);--awb-caption-title-font-style:var(--h2_typography-font-style);--awb-caption-title-size:var(--h2_typography-font-size);--awb-caption-title-transform:var(--h2_typography-text-transform);--awb-caption-title-line-height:var(--h2_typography-line-height);--awb-caption-title-letter-spacing:var(--h2_typography-letter-spacing);\"><span class=\" fusion-imageframe imageframe-none imageframe-1 hover-type-none\"><img decoding=\"async\" width=\"703\" height=\"1024\" title=\"PI Images &#8211; Find and Hire the Right Page (2)\" src=\"https:\/\/www.predictivesuccess.com\/wp-content\/uploads\/2017\/03\/Find-and-Hire-the-Right-Page-2-703x1024.png\" alt class=\"img-responsive wp-image-17420\" srcset=\"https:\/\/www.predictivesuccess.com\/wp-content\/uploads\/2017\/03\/Find-and-Hire-the-Right-Page-2-200x291.png 200w, https:\/\/www.predictivesuccess.com\/wp-content\/uploads\/2017\/03\/Find-and-Hire-the-Right-Page-2-400x583.png 400w, https:\/\/www.predictivesuccess.com\/wp-content\/uploads\/2017\/03\/Find-and-Hire-the-Right-Page-2-600x874.png 600w, https:\/\/www.predictivesuccess.com\/wp-content\/uploads\/2017\/03\/Find-and-Hire-the-Right-Page-2-800x1165.png 800w, https:\/\/www.predictivesuccess.com\/wp-content\/uploads\/2017\/03\/Find-and-Hire-the-Right-Page-2-1200x1748.png 1200w, https:\/\/www.predictivesuccess.com\/wp-content\/uploads\/2017\/03\/Find-and-Hire-the-Right-Page-2.png 1231w\" sizes=\"(max-width: 1024px) 100vw, (max-width: 640px) 100vw, 400px\" \/><\/span><\/div><\/div><\/div><\/div><\/div><div class=\"fusion-fullwidth fullwidth-box fusion-builder-row-3 fusion-flex-container nonhundred-percent-fullwidth non-hundred-percent-height-scrolling\" style=\"--awb-border-radius-top-left:0px;--awb-border-radius-top-right:0px;--awb-border-radius-bottom-right:0px;--awb-border-radius-bottom-left:0px;--awb-padding-top:20px;--awb-padding-bottom:20px;--awb-flex-wrap:wrap;\" ><div class=\"fusion-builder-row fusion-row fusion-flex-align-items-flex-start fusion-flex-content-wrap\" style=\"max-width:1456px;margin-left: calc(-4% \/ 2 );margin-right: calc(-4% \/ 2 );\"><div class=\"fusion-layout-column fusion_builder_column fusion-builder-column-4 fusion_builder_column_1_2 1_2 fusion-flex-column\" style=\"--awb-bg-size:cover;--awb-width-large:50%;--awb-margin-top-large:0px;--awb-spacing-right-large:3.84%;--awb-margin-bottom-large:20px;--awb-spacing-left-large:3.84%;--awb-width-medium:100%;--awb-spacing-right-medium:1.92%;--awb-spacing-left-medium:1.92%;--awb-width-small:100%;--awb-spacing-right-small:1.92%;--awb-spacing-left-small:1.92%;\"><div class=\"fusion-column-wrapper fusion-flex-justify-content-flex-start fusion-content-layout-column\"><div class=\"fusion-testimonials classic awb-speech-bubble-show fusion-testimonials-1\" style=\"--awb-textcolor:#000000;--awb-backgroundcolor:#ff9800;--awb-testimonial-border-style:solid;--awb-testimonial-border-color:var(--awb-color3);--awb-border-top-left-radius:0px;--awb-border-top-right-radius:0px;--awb-border-bottom-left-radius:0px;--awb-border-bottom-right-radius:0px;--testimonial-border-width-top:0px;--testimonial-border-width-right:0px;--testimonial-border-width-bottom:0px;--testimonial-border-width-left:0px;\" data-random=\"0\" data-speed=\"4000\"><div class=\"reviews\"><div class=\"review active-testimonial male\"><blockquote><div class=\"awb-quote\"><div class=\"awb-quote-content\">\n<p><span style=\"color: #000000;\">\u00ab Nous avons not\u00e9 une baisse importante de notre taux de roulement de plus de 10%.\u00a0C\u2019est un outil qui est facile \u00e0 utiliser, qui est tr\u00e8s int\u00e9ressant pour le recrutement, mais qui est tr\u00e8s int\u00e9ressant pour la gestion des \u00e9quipes en place. Le service offert est excellent lorsque nous avons besoin de soutien et de renseignement.\u00a0\u00ab<\/span><\/p>\n<\/div><\/div><span class=\"awb-triangle\"><\/span><\/blockquote><div class=\"author\"><span class=\"testimonial-thumbnail doe\"><\/span><span class=\"company-name\"><strong>Laurie Germain, Directrice aux ressources humaines<\/strong><span>, <\/span><span>GDI Services<\/span><\/span><\/div><\/div><\/div><\/div><\/div><\/div><div class=\"fusion-layout-column fusion_builder_column fusion-builder-column-5 fusion_builder_column_1_2 1_2 fusion-flex-column\" style=\"--awb-bg-size:cover;--awb-width-large:50%;--awb-margin-top-large:0px;--awb-spacing-right-large:3.84%;--awb-margin-bottom-large:20px;--awb-spacing-left-large:3.84%;--awb-width-medium:100%;--awb-spacing-right-medium:1.92%;--awb-spacing-left-medium:1.92%;--awb-width-small:100%;--awb-spacing-right-small:1.92%;--awb-spacing-left-small:1.92%;\"><div class=\"fusion-column-wrapper fusion-flex-justify-content-flex-start fusion-content-layout-column\"><div class=\"fusion-testimonials classic awb-speech-bubble-show fusion-testimonials-2\" style=\"--awb-textcolor:#000000;--awb-backgroundcolor:#ff9800;--awb-testimonial-border-style:solid;--awb-testimonial-border-color:var(--awb-color3);--awb-border-top-left-radius:0px;--awb-border-top-right-radius:0px;--awb-border-bottom-left-radius:0px;--awb-border-bottom-right-radius:0px;--testimonial-border-width-top:0px;--testimonial-border-width-right:0px;--testimonial-border-width-bottom:0px;--testimonial-border-width-left:0px;\" data-random=\"0\" data-speed=\"4000\"><div class=\"reviews\"><div class=\"review active-testimonial male\"><blockquote><div class=\"awb-quote\"><div class=\"awb-quote-content\">\n<p><span style=\"color: #000000;\">\u00ab Il s\u2019agit d\u2019avoir les bonnes personnes et de prendre les bonnes d\u00e9cisions. J\u2019utilise l\u2019analyse du lieu de travail offert par Predictive Index afin de m\u2019aider \u00e0 prendre ces d\u00e9cisions. \u00ab<\/span><\/p>\n<\/div><\/div><span class=\"awb-triangle\"><\/span><\/blockquote><div class=\"author\"><span class=\"testimonial-thumbnail doe\"><\/span><span class=\"company-name\"><strong>Peter Sweers, Vice-pr\u00e9sident principal<\/strong><span>, <\/span><span>CGI<\/span><\/span><\/div><\/div><\/div><\/div><\/div><\/div><\/div><\/div><\/p>\n","protected":false},"excerpt":{"rendered":"","protected":false},"author":2,"featured_media":26123,"parent":0,"menu_order":0,"comment_status":"closed","ping_status":"closed","template":"100-width.php","meta":{"_acf_changed":false,"protect_children":false,"footnotes":""},"class_list":["post-17620","page","type-page","status-publish","has-post-thumbnail","hentry"],"acf":[],"yoast_head":"<!-- This site is optimized with the Yoast SEO plugin v27.2 - https:\/\/yoast.com\/product\/yoast-seo-wordpress\/ -->\n<title>Les meilleures strat\u00e9gies d&#039;embauche | Pr\u00e9vision Succ\u00e8s Canada<\/title>\n<meta name=\"description\" content=\"Pr\u00e9vision Succ\u00e8s, le conseiller en acquisition de talents et le chef de file en strat\u00e9gies d&#039;embauche du Canada\u00a0: \u00c9valuations Predictive Index\u00ae pour vous aider au cours du processus d&#039;embauche. Voyez comment le PI\u00ae peut vous aider avec la prise de d\u00e9cisions sur le personnel.\" \/>\n<meta name=\"robots\" content=\"index, follow, max-snippet:-1, max-image-preview:large, max-video-preview:-1\" \/>\n<link rel=\"canonical\" href=\"https:\/\/www.predictivesuccess.com\/fr\/trouver-et-embaucher-les-personnes-qualifiees\/\" \/>\n<meta property=\"og:locale\" content=\"fr_FR\" \/>\n<meta property=\"og:type\" content=\"article\" \/>\n<meta property=\"og:title\" content=\"Les meilleures strat\u00e9gies d&#039;embauche | Pr\u00e9vision Succ\u00e8s Canada\" \/>\n<meta property=\"og:description\" content=\"Pr\u00e9vision Succ\u00e8s, le conseiller en acquisition de talents et le chef de file en strat\u00e9gies d&#039;embauche du Canada\u00a0: \u00c9valuations Predictive Index\u00ae pour vous aider au cours du processus d&#039;embauche. Voyez comment le PI\u00ae peut vous aider avec la prise de d\u00e9cisions sur le personnel.\" \/>\n<meta property=\"og:url\" content=\"https:\/\/www.predictivesuccess.com\/fr\/trouver-et-embaucher-les-personnes-qualifiees\/\" \/>\n<meta property=\"og:site_name\" content=\"Predictive Success\" \/>\n<meta property=\"article:modified_time\" content=\"2020-03-27T14:08:52+00:00\" \/>\n<meta property=\"og:image\" content=\"https:\/\/www.predictivesuccess.com\/wp-content\/uploads\/2020\/01\/20180430-IMG_8366-e1580146259901.jpg\" \/>\n\t<meta property=\"og:image:width\" content=\"2560\" \/>\n\t<meta property=\"og:image:height\" content=\"1164\" \/>\n\t<meta property=\"og:image:type\" content=\"image\/jpeg\" \/>\n<meta name=\"twitter:card\" content=\"summary_large_image\" \/>\n<meta name=\"twitter:site\" content=\"@PredictSuccess\" \/>\n<meta name=\"twitter:label1\" content=\"Dur\u00e9e de lecture estim\u00e9e\" \/>\n\t<meta name=\"twitter:data1\" content=\"7 minutes\" \/>\n<!-- \/ Yoast SEO plugin. -->","yoast_head_json":{"title":"Les meilleures strat\u00e9gies d'embauche | Pr\u00e9vision Succ\u00e8s Canada","description":"Pr\u00e9vision Succ\u00e8s, le conseiller en acquisition de talents et le chef de file en strat\u00e9gies d'embauche du Canada\u00a0: \u00c9valuations Predictive Index\u00ae pour vous aider au cours du processus d'embauche. Voyez comment le PI\u00ae peut vous aider avec la prise de d\u00e9cisions sur le personnel.","robots":{"index":"index","follow":"follow","max-snippet":"max-snippet:-1","max-image-preview":"max-image-preview:large","max-video-preview":"max-video-preview:-1"},"canonical":"https:\/\/www.predictivesuccess.com\/fr\/trouver-et-embaucher-les-personnes-qualifiees\/","og_locale":"fr_FR","og_type":"article","og_title":"Les meilleures strat\u00e9gies d'embauche | Pr\u00e9vision Succ\u00e8s Canada","og_description":"Pr\u00e9vision Succ\u00e8s, le conseiller en acquisition de talents et le chef de file en strat\u00e9gies d'embauche du Canada\u00a0: \u00c9valuations Predictive Index\u00ae pour vous aider au cours du processus d'embauche. Voyez comment le PI\u00ae peut vous aider avec la prise de d\u00e9cisions sur le personnel.","og_url":"https:\/\/www.predictivesuccess.com\/fr\/trouver-et-embaucher-les-personnes-qualifiees\/","og_site_name":"Predictive Success","article_modified_time":"2020-03-27T14:08:52+00:00","og_image":[{"width":2560,"height":1164,"url":"https:\/\/www.predictivesuccess.com\/wp-content\/uploads\/2020\/01\/20180430-IMG_8366-e1580146259901.jpg","type":"image\/jpeg"}],"twitter_card":"summary_large_image","twitter_site":"@PredictSuccess","twitter_misc":{"Dur\u00e9e de lecture estim\u00e9e":"7 minutes"},"schema":{"@context":"https:\/\/schema.org","@graph":[{"@type":"WebPage","@id":"https:\/\/www.predictivesuccess.com\/fr\/trouver-et-embaucher-les-personnes-qualifiees\/","url":"https:\/\/www.predictivesuccess.com\/fr\/trouver-et-embaucher-les-personnes-qualifiees\/","name":"Les meilleures strat\u00e9gies d'embauche | Pr\u00e9vision Succ\u00e8s Canada","isPartOf":{"@id":"https:\/\/www.predictivesuccess.com\/fr\/#website"},"primaryImageOfPage":{"@id":"https:\/\/www.predictivesuccess.com\/fr\/trouver-et-embaucher-les-personnes-qualifiees\/#primaryimage"},"image":{"@id":"https:\/\/www.predictivesuccess.com\/fr\/trouver-et-embaucher-les-personnes-qualifiees\/#primaryimage"},"thumbnailUrl":"https:\/\/www.predictivesuccess.com\/wp-content\/uploads\/2020\/01\/20180430-IMG_8366-e1580146259901.jpg","datePublished":"2017-03-27T14:29:31+00:00","dateModified":"2020-03-27T14:08:52+00:00","description":"Pr\u00e9vision Succ\u00e8s, le conseiller en acquisition de talents et le chef de file en strat\u00e9gies d'embauche du Canada\u00a0: \u00c9valuations Predictive Index\u00ae pour vous aider au cours du processus d'embauche. Voyez comment le PI\u00ae peut vous aider avec la prise de d\u00e9cisions sur le personnel.","breadcrumb":{"@id":"https:\/\/www.predictivesuccess.com\/fr\/trouver-et-embaucher-les-personnes-qualifiees\/#breadcrumb"},"inLanguage":"fr-FR","potentialAction":[{"@type":"ReadAction","target":["https:\/\/www.predictivesuccess.com\/fr\/trouver-et-embaucher-les-personnes-qualifiees\/"]}]},{"@type":"ImageObject","inLanguage":"fr-FR","@id":"https:\/\/www.predictivesuccess.com\/fr\/trouver-et-embaucher-les-personnes-qualifiees\/#primaryimage","url":"https:\/\/www.predictivesuccess.com\/wp-content\/uploads\/2020\/01\/20180430-IMG_8366-e1580146259901.jpg","contentUrl":"https:\/\/www.predictivesuccess.com\/wp-content\/uploads\/2020\/01\/20180430-IMG_8366-e1580146259901.jpg","width":2560,"height":1164},{"@type":"BreadcrumbList","@id":"https:\/\/www.predictivesuccess.com\/fr\/trouver-et-embaucher-les-personnes-qualifiees\/#breadcrumb","itemListElement":[{"@type":"ListItem","position":1,"name":"Accueil","item":"https:\/\/www.predictivesuccess.com\/fr\/"},{"@type":"ListItem","position":2,"name":"Trouver et embaucher les personnes qualifi\u00e9es"}]},{"@type":"WebSite","@id":"https:\/\/www.predictivesuccess.com\/fr\/#website","url":"https:\/\/www.predictivesuccess.com\/fr\/","name":"Predictive Success","description":"","potentialAction":[{"@type":"SearchAction","target":{"@type":"EntryPoint","urlTemplate":"https:\/\/www.predictivesuccess.com\/fr\/?s={search_term_string}"},"query-input":{"@type":"PropertyValueSpecification","valueRequired":true,"valueName":"search_term_string"}}],"inLanguage":"fr-FR"}]}},"_links":{"self":[{"href":"https:\/\/www.predictivesuccess.com\/fr\/wp-json\/wp\/v2\/pages\/17620","targetHints":{"allow":["GET"]}}],"collection":[{"href":"https:\/\/www.predictivesuccess.com\/fr\/wp-json\/wp\/v2\/pages"}],"about":[{"href":"https:\/\/www.predictivesuccess.com\/fr\/wp-json\/wp\/v2\/types\/page"}],"author":[{"embeddable":true,"href":"https:\/\/www.predictivesuccess.com\/fr\/wp-json\/wp\/v2\/users\/2"}],"replies":[{"embeddable":true,"href":"https:\/\/www.predictivesuccess.com\/fr\/wp-json\/wp\/v2\/comments?post=17620"}],"version-history":[{"count":0,"href":"https:\/\/www.predictivesuccess.com\/fr\/wp-json\/wp\/v2\/pages\/17620\/revisions"}],"wp:featuredmedia":[{"embeddable":true,"href":"https:\/\/www.predictivesuccess.com\/fr\/wp-json\/wp\/v2\/media\/26123"}],"wp:attachment":[{"href":"https:\/\/www.predictivesuccess.com\/fr\/wp-json\/wp\/v2\/media?parent=17620"}],"curies":[{"name":"wp","href":"https:\/\/api.w.org\/{rel}","templated":true}]}}