{"id":17628,"date":"2017-03-27T12:42:38","date_gmt":"2017-03-27T16:42:38","guid":{"rendered":"http:\/\/predictivesuccess.sepstage.ca\/?page_id=17628\/"},"modified":"2022-03-07T14:56:48","modified_gmt":"2022-03-07T19:56:48","slug":"aptitudes-a-influencer","status":"publish","type":"page","link":"https:\/\/www.predictivesuccess.com\/fr\/aptitudes-a-influencer\/","title":{"rendered":"Talents en influence"},"content":{"rendered":"<p><div class=\"fusion-fullwidth fullwidth-box fusion-builder-row-1 fusion-flex-container fusion-parallax-none nonhundred-percent-fullwidth non-hundred-percent-height-scrolling\" style=\"--awb-background-blend-mode:overlay;--awb-border-sizes-top:0px;--awb-border-sizes-bottom:0px;--awb-border-sizes-left:0px;--awb-border-sizes-right:0px;--awb-border-color:rgba(234,233,233,0);--awb-border-radius-top-left:0px;--awb-border-radius-top-right:0px;--awb-border-radius-bottom-right:0px;--awb-border-radius-bottom-left:0px;--awb-padding-top:20px;--awb-padding-right:30px;--awb-padding-bottom:20px;--awb-padding-left:30px;--awb-margin-top:0px;--awb-margin-bottom:0px;--awb-background-color:rgba(0,0,0,0.8);--awb-background-image:url(&quot;https:\/\/www.predictivesuccess.com\/wp-content\/uploads\/2020\/03\/20180430-IMG_8427-e1580227255220.jpg&quot;);--awb-background-size:cover;--awb-flex-wrap:wrap;\" ><div class=\"fusion-builder-row fusion-row fusion-flex-align-items-flex-start fusion-flex-content-wrap\" style=\"max-width:calc( 1400px + 0px );margin-left: calc(-0px \/ 2 );margin-right: calc(-0px \/ 2 );\"><div class=\"fusion-layout-column fusion_builder_column fusion-builder-column-0 fusion_builder_column_1_1 1_1 fusion-flex-column has-bg\" style=\"--awb-padding-top:150px;--awb-padding-right:0px;--awb-padding-bottom:100px;--awb-padding-left:0px;--awb-bg-size:cover;--awb-width-large:100%;--awb-margin-top-large:0px;--awb-spacing-right-large:0px;--awb-margin-bottom-large:0px;--awb-spacing-left-large:0px;--awb-width-medium:100%;--awb-spacing-right-medium:0px;--awb-spacing-left-medium:0px;--awb-width-small:100%;--awb-spacing-right-small:0px;--awb-spacing-left-small:0px;\"><div class=\"fusion-column-wrapper fusion-column-has-shadow fusion-flex-justify-content-flex-start fusion-content-layout-column\"><div class=\"fusion-text fusion-text-1\"><h1 style=\"text-align: left; font-size: 60px; color: #fff;\">Maximisez les aptitudes \u00e0 influencer de votre \u00e9quipe<\/h1>\n<\/div><div class=\"fusion-separator fusion-full-width-sep\" style=\"align-self: center;margin-left: auto;margin-right: auto;margin-top:80px;width:100%;\"><\/div><div style=\"text-align:left;\"><a class=\"fusion-button button-flat fusion-button-default-size button-default fusion-button-default button-1 fusion-button-default-span fusion-button-default-type\" style=\"--button-border-radius-top-left:0px;--button-border-radius-top-right:0px;--button-border-radius-bottom-right:0px;--button-border-radius-bottom-left:0px;\" target=\"_self\" href=\"https:\/\/www.predictivesuccess.com\/fr\/demandez-une-demo\/\"><span class=\"fusion-button-text awb-button__text awb-button__text--default\">demandez une D\u00e9mo<\/span><\/a><\/div><\/div><\/div><\/div><\/div><div class=\"fusion-fullwidth fullwidth-box fusion-builder-row-2 fusion-flex-container nonhundred-percent-fullwidth non-hundred-percent-height-scrolling\" style=\"--awb-border-sizes-top:0px;--awb-border-sizes-bottom:0px;--awb-border-sizes-left:0px;--awb-border-sizes-right:0px;--awb-border-color:rgba(234,233,233,0);--awb-border-radius-top-left:0px;--awb-border-radius-top-right:0px;--awb-border-radius-bottom-right:0px;--awb-border-radius-bottom-left:0px;--awb-padding-top:45px;--awb-padding-bottom:25px;--awb-flex-wrap:wrap;\" ><div class=\"fusion-builder-row fusion-row fusion-flex-align-items-flex-start fusion-flex-content-wrap\" style=\"max-width:calc( 1400px + 0px );margin-left: calc(-0px \/ 2 );margin-right: calc(-0px \/ 2 );\"><div class=\"fusion-layout-column fusion_builder_column fusion-builder-column-1 fusion_builder_column_1_1 1_1 fusion-flex-column fusion-flex-align-self-flex-start fusion-column-no-min-height\" style=\"--awb-bg-size:cover;--awb-width-large:100%;--awb-margin-top-large:0px;--awb-spacing-right-large:0px;--awb-margin-bottom-large:0px;--awb-spacing-left-large:0px;--awb-width-medium:100%;--awb-spacing-right-medium:0px;--awb-spacing-left-medium:0px;--awb-width-small:100%;--awb-spacing-right-small:0px;--awb-spacing-left-small:0px;\"><div class=\"fusion-column-wrapper fusion-flex-justify-content-flex-start fusion-content-layout-column\"><div class=\"fusion-title title fusion-title-1 fusion-sep-none fusion-title-text fusion-title-size-two\" style=\"--awb-margin-bottom:0px;--awb-margin-top-small:0px;--awb-margin-right-small:0px;--awb-margin-bottom-small:20px;--awb-margin-left-small:0px;\"><h2 class=\"fusion-title-heading title-heading-left fusion-responsive-typography-calculated\" style=\"margin:0;--fontSize:28;line-height:1.5;\"><h2 style=\"text-align: center;\">Qu\u2019est-ce que le Influencing Skills Assessment Tool<sup><small>MC<\/small><\/sup> (ISAT)<\/h2><\/h2><\/div><div class=\"fusion-text fusion-text-2\"><p style=\"text-align: center;\">Le Influencing Skills Assessment Tool\u00a0 (ISAT) fournit des donn\u00e9es concr\u00e8tes sur l&#8217;influence comme une comp\u00e9tence professionnelle universellement requise. C\u2019est l\u2019outil id\u00e9al pour les dirigeants et les \u00e9quipes qui ont besoin d&#8217;influencer les autres \u00e0 adopter des id\u00e9es et gagner l&#8217;acceptation de projets et de solutions.<\/p>\n<\/div><\/div><\/div><\/div><\/div><div class=\"fusion-fullwidth fullwidth-box fusion-builder-row-3 fusion-flex-container nonhundred-percent-fullwidth non-hundred-percent-height-scrolling\" style=\"--awb-border-sizes-top:0px;--awb-border-sizes-bottom:0px;--awb-border-sizes-left:0px;--awb-border-sizes-right:0px;--awb-border-color:rgba(234,233,233,0);--awb-border-radius-top-left:0px;--awb-border-radius-top-right:0px;--awb-border-radius-bottom-right:0px;--awb-border-radius-bottom-left:0px;--awb-padding-top:45px;--awb-padding-bottom:45px;--awb-margin-top:0px;--awb-margin-bottom:0px;--awb-background-color:rgba(255,255,255,0);--awb-flex-wrap:wrap;\" ><div class=\"fusion-builder-row fusion-row fusion-flex-align-items-stretch fusion-flex-content-wrap\" style=\"max-width:1456px;margin-left: calc(-4% \/ 2 );margin-right: calc(-4% \/ 2 );\"><div class=\"fusion-layout-column fusion_builder_column fusion-builder-column-2 fusion_builder_column_1_2 1_2 fusion-flex-column\" style=\"--awb-bg-size:cover;--awb-width-large:50%;--awb-margin-top-large:0px;--awb-spacing-right-large:3.84%;--awb-margin-bottom-large:20px;--awb-spacing-left-large:3.84%;--awb-width-medium:100%;--awb-spacing-right-medium:1.92%;--awb-spacing-left-medium:1.92%;--awb-width-small:100%;--awb-spacing-right-small:1.92%;--awb-spacing-left-small:1.92%;\"><div class=\"fusion-column-wrapper fusion-flex-justify-content-flex-start fusion-content-layout-column\"><div class=\"fusion-title title fusion-title-2 fusion-sep-none fusion-title-text fusion-title-size-two\" style=\"--awb-margin-bottom:0px;--awb-margin-top-small:0px;--awb-margin-right-small:0px;--awb-margin-bottom-small:20px;--awb-margin-left-small:0px;\"><h2 class=\"fusion-title-heading title-heading-left fusion-responsive-typography-calculated\" style=\"margin:0;--fontSize:28;line-height:1.5;\"><h2>Pourquoi l&#8217;outil Influencing Skills Assessment<sup><small>MC<\/small><\/sup>?<\/h2><\/h2><\/div><div class=\"fusion-text fusion-text-3\"><p>L\u2019\u00e9valuation mesure 25 aspects de l\u2019influence dans cinq domaines cl\u00e9s :<\/p>\n<ul class=\"arrow\">\n<li>Renforcer la confiance et la cr\u00e9dibilit\u00e9<\/li>\n<li>Comprendre la situation et les besoins sp\u00e9cifiques<\/li>\n<li>Pr\u00e9senter des id\u00e9es et articuler leur valeur<\/li>\n<li>Traiter les oppositions et obtenir l&#8217;accord<\/li>\n<li>Cr\u00e9er des relations \u00e0 long terme avec un positionnement efficace<\/li>\n<\/ul>\n<\/div><\/div><\/div><div class=\"fusion-layout-column fusion_builder_column fusion-builder-column-3 fusion_builder_column_1_2 1_2 fusion-flex-column\" style=\"--awb-bg-size:cover;--awb-width-large:50%;--awb-margin-top-large:0px;--awb-spacing-right-large:3.84%;--awb-margin-bottom-large:20px;--awb-spacing-left-large:3.84%;--awb-width-medium:100%;--awb-spacing-right-medium:1.92%;--awb-spacing-left-medium:1.92%;--awb-width-small:100%;--awb-spacing-right-small:1.92%;--awb-spacing-left-small:1.92%;\"><div class=\"fusion-column-wrapper fusion-flex-justify-content-flex-start fusion-content-layout-column\"><div class=\"fusion-image-element \" style=\"--awb-caption-title-font-family:var(--h2_typography-font-family);--awb-caption-title-font-weight:var(--h2_typography-font-weight);--awb-caption-title-font-style:var(--h2_typography-font-style);--awb-caption-title-size:var(--h2_typography-font-size);--awb-caption-title-transform:var(--h2_typography-text-transform);--awb-caption-title-line-height:var(--h2_typography-line-height);--awb-caption-title-letter-spacing:var(--h2_typography-letter-spacing);\"><span class=\" fusion-imageframe imageframe-none imageframe-1 hover-type-none\"><img decoding=\"async\" width=\"6144\" height=\"4069\" title=\"Workplace with notebook on wood table\" src=\"https:\/\/www.predictivesuccess.com\/wp-content\/uploads\/2017\/03\/pexels-photo-590037.jpeg\" alt class=\"img-responsive wp-image-20200\" srcset=\"https:\/\/www.predictivesuccess.com\/wp-content\/uploads\/2017\/03\/pexels-photo-590037-200x132.jpeg 200w, https:\/\/www.predictivesuccess.com\/wp-content\/uploads\/2017\/03\/pexels-photo-590037-400x265.jpeg 400w, https:\/\/www.predictivesuccess.com\/wp-content\/uploads\/2017\/03\/pexels-photo-590037-600x397.jpeg 600w, https:\/\/www.predictivesuccess.com\/wp-content\/uploads\/2017\/03\/pexels-photo-590037-800x530.jpeg 800w, https:\/\/www.predictivesuccess.com\/wp-content\/uploads\/2017\/03\/pexels-photo-590037-1200x795.jpeg 1200w, https:\/\/www.predictivesuccess.com\/wp-content\/uploads\/2017\/03\/pexels-photo-590037.jpeg 6144w\" sizes=\"(max-width: 1024px) 100vw, (max-width: 640px) 100vw, 800px\" \/><\/span><\/div><\/div><\/div><\/div><\/div><div class=\"fusion-fullwidth fullwidth-box fusion-builder-row-4 fusion-flex-container fusion-parallax-none nonhundred-percent-fullwidth non-hundred-percent-height-scrolling\" style=\"--awb-border-radius-top-left:0px;--awb-border-radius-top-right:0px;--awb-border-radius-bottom-right:0px;--awb-border-radius-bottom-left:0px;--awb-padding-top:70px;--awb-padding-bottom:70px;--awb-background-image:url(&quot;https:\/\/www.predictivesuccess.com\/wp-content\/uploads\/2017\/02\/recoloured-2.png&quot;);--awb-background-size:cover;--awb-flex-wrap:wrap;\" ><div class=\"fusion-builder-row fusion-row fusion-flex-align-items-flex-start fusion-flex-content-wrap\" style=\"max-width:calc( 1400px + 0px );margin-left: calc(-0px \/ 2 );margin-right: calc(-0px \/ 2 );\"><div class=\"fusion-layout-column fusion_builder_column fusion-builder-column-4 fusion_builder_column_1_1 1_1 fusion-flex-column\" style=\"--awb-bg-size:cover;--awb-width-large:100%;--awb-margin-top-large:0px;--awb-spacing-right-large:0px;--awb-margin-bottom-large:20px;--awb-spacing-left-large:0px;--awb-width-medium:100%;--awb-spacing-right-medium:0px;--awb-spacing-left-medium:0px;--awb-width-small:100%;--awb-spacing-right-small:0px;--awb-spacing-left-small:0px;\"><div class=\"fusion-column-wrapper fusion-flex-justify-content-flex-start fusion-content-layout-column\"><div class=\"fusion-title title fusion-title-3 fusion-sep-none fusion-title-text fusion-title-size-two\" style=\"--awb-margin-bottom:0px;--awb-margin-top-small:0px;--awb-margin-right-small:0px;--awb-margin-bottom-small:20px;--awb-margin-left-small:0px;\"><h2 class=\"fusion-title-heading title-heading-left fusion-responsive-typography-calculated\" style=\"margin:0;--fontSize:28;line-height:1.5;\"><h3 style=\"text-align: center;\"><strong><span style=\"color: #ffffff;\">Pour veiller \u00e0 ce que tous abondent dans le m\u00eame sens<\/span><\/strong><\/h3><\/h2><\/div><div class=\"fusion-text fusion-text-4\"><p style=\"text-align: center;\"><strong><span style=\"color: #ffffff;\">Avec l\u2019outil Influencing Skills Assessment Tool, les organisations peuvent quantifier et am\u00e9liorer l\u2019ensemble des comp\u00e9tences de leurs dirigeants et de leurs \u00e9quipes afin de favoriser un environnement de travail plus harmonieux et productif o\u00f9 chacun contribue \u00e0 atteindre un objectif commun.<\/span><\/strong><\/p>\n<\/div><div class=\"fusion-separator fusion-full-width-sep\" style=\"align-self: center;margin-left: auto;margin-right: auto;margin-top:35px;width:100%;\"><\/div><div style=\"text-align:center;\"><a class=\"fusion-button button-flat fusion-button-default-size button-default fusion-button-default button-2 fusion-button-default-span fusion-button-default-type\" style=\"--button-border-radius-top-left:0px;--button-border-radius-top-right:0px;--button-border-radius-bottom-right:0px;--button-border-radius-bottom-left:0px;\" target=\"_self\" href=\"https:\/\/www.predictivesuccess.com\/fr\/demandez-une-demo\/\"><span class=\"fusion-button-text awb-button__text awb-button__text--default\">demandez une D\u00e9mo<\/span><\/a><\/div><\/div><\/div><\/div><\/div><div class=\"fusion-fullwidth fullwidth-box fusion-builder-row-5 fusion-flex-container nonhundred-percent-fullwidth non-hundred-percent-height-scrolling\" style=\"--awb-border-radius-top-left:0px;--awb-border-radius-top-right:0px;--awb-border-radius-bottom-right:0px;--awb-border-radius-bottom-left:0px;--awb-padding-top:20px;--awb-padding-bottom:20px;--awb-flex-wrap:wrap;\" ><div class=\"fusion-builder-row fusion-row fusion-flex-align-items-flex-start fusion-flex-content-wrap\" style=\"max-width:1456px;margin-left: calc(-4% \/ 2 );margin-right: calc(-4% \/ 2 );\"><div class=\"fusion-layout-column fusion_builder_column fusion-builder-column-5 fusion_builder_column_1_6 1_6 fusion-flex-column\" style=\"--awb-bg-size:cover;--awb-width-large:16.666666666667%;--awb-margin-top-large:0px;--awb-spacing-right-large:11.52%;--awb-margin-bottom-large:20px;--awb-spacing-left-large:11.52%;--awb-width-medium:100%;--awb-spacing-right-medium:1.92%;--awb-spacing-left-medium:1.92%;--awb-width-small:100%;--awb-spacing-right-small:1.92%;--awb-spacing-left-small:1.92%;\"><div class=\"fusion-column-wrapper fusion-column-has-shadow fusion-flex-justify-content-flex-start fusion-content-layout-column\"><div class=\"fusion-image-element \" style=\"--awb-caption-title-font-family:var(--h2_typography-font-family);--awb-caption-title-font-weight:var(--h2_typography-font-weight);--awb-caption-title-font-style:var(--h2_typography-font-style);--awb-caption-title-size:var(--h2_typography-font-size);--awb-caption-title-transform:var(--h2_typography-text-transform);--awb-caption-title-line-height:var(--h2_typography-line-height);--awb-caption-title-letter-spacing:var(--h2_typography-letter-spacing);\"><span class=\" fusion-imageframe imageframe-none imageframe-2 hover-type-none\"><img decoding=\"async\" width=\"500\" height=\"238\" title=\"PI Founding Partner v1\" src=\"https:\/\/www.predictivesuccess.com\/wp-content\/uploads\/2022\/03\/PI-Founding-Partner-v1.png\" alt class=\"img-responsive wp-image-31138\" srcset=\"https:\/\/www.predictivesuccess.com\/wp-content\/uploads\/2022\/03\/PI-Founding-Partner-v1-200x95.png 200w, https:\/\/www.predictivesuccess.com\/wp-content\/uploads\/2022\/03\/PI-Founding-Partner-v1-400x190.png 400w, https:\/\/www.predictivesuccess.com\/wp-content\/uploads\/2022\/03\/PI-Founding-Partner-v1.png 500w\" sizes=\"(max-width: 1024px) 100vw, (max-width: 640px) 100vw, 200px\" \/><\/span><\/div><\/div><\/div><div class=\"fusion-layout-column fusion_builder_column fusion-builder-column-6 fusion_builder_column_5_6 5_6 fusion-flex-column\" style=\"--awb-bg-size:cover;--awb-width-large:83.333333333333%;--awb-margin-top-large:0px;--awb-spacing-right-large:2.304%;--awb-margin-bottom-large:20px;--awb-spacing-left-large:2.304%;--awb-width-medium:100%;--awb-spacing-right-medium:1.92%;--awb-spacing-left-medium:1.92%;--awb-width-small:100%;--awb-spacing-right-small:1.92%;--awb-spacing-left-small:1.92%;\"><div class=\"fusion-column-wrapper fusion-flex-justify-content-flex-start fusion-content-layout-column\"><div class=\"fusion-text fusion-text-5\"><div><\/div>\n<div style=\"float: left; margin-right: 1em;\"><\/div>\n<div style=\"float: left; margin-top: 0;\"><small>Pr\u00e9vision Succ\u00e8s est un partenaire certifi\u00e9 de Predictive Index<\/small><br \/>\n<small>Influencing Skills Assessment Tool<sup><small>MC<\/small><\/sup><\/small><\/div>\n<\/div><\/div><\/div><\/div><\/div><\/p>\n","protected":false},"excerpt":{"rendered":"","protected":false},"author":2,"featured_media":26651,"parent":0,"menu_order":0,"comment_status":"closed","ping_status":"closed","template":"100-width.php","meta":{"_acf_changed":false,"protect_children":false,"footnotes":""},"class_list":["post-17628","page","type-page","status-publish","has-post-thumbnail","hentry"],"acf":[],"yoast_head":"<!-- This site is optimized with the Yoast SEO plugin v27.5 - https:\/\/yoast.com\/product\/yoast-seo-wordpress\/ -->\n<title>\u00c9valuation des aptitudes \u00e0 influencer | Pr\u00e9vision Succ\u00e8s Canada<\/title>\n<meta name=\"description\" content=\"Pr\u00e9vision Succ\u00e8s, le chef de file du Canada en \u00e9valuation des aptitudes \u00e0 influencer\u00a0: Les outils du Predictive Index\u00ae permettent de trouver les meilleures qualit\u00e9s de leadership. Voyez comment le PI\u00ae peut vous aider \u00e0 trouver et \u00e0 d\u00e9velopper de meilleurs leaders.\" \/>\n<meta name=\"robots\" content=\"index, follow, max-snippet:-1, max-image-preview:large, max-video-preview:-1\" \/>\n<link rel=\"canonical\" href=\"https:\/\/www.predictivesuccess.com\/fr\/aptitudes-a-influencer\/\" \/>\n<meta property=\"og:locale\" content=\"fr_FR\" \/>\n<meta property=\"og:type\" content=\"article\" \/>\n<meta property=\"og:title\" content=\"\u00c9valuation des aptitudes \u00e0 influencer | Pr\u00e9vision Succ\u00e8s Canada\" \/>\n<meta property=\"og:description\" content=\"Pr\u00e9vision Succ\u00e8s, le chef de file du Canada en \u00e9valuation des aptitudes \u00e0 influencer\u00a0: Les outils du Predictive Index\u00ae permettent de trouver les meilleures qualit\u00e9s de leadership. Voyez comment le PI\u00ae peut vous aider \u00e0 trouver et \u00e0 d\u00e9velopper de meilleurs leaders.\" \/>\n<meta property=\"og:url\" content=\"https:\/\/www.predictivesuccess.com\/fr\/aptitudes-a-influencer\/\" \/>\n<meta property=\"og:site_name\" content=\"Predictive Success\" \/>\n<meta property=\"article:modified_time\" content=\"2022-03-07T19:56:48+00:00\" \/>\n<meta property=\"og:image\" content=\"https:\/\/www.predictivesuccess.com\/wp-content\/uploads\/2020\/03\/20180430-IMG_8427-e1580227255220.jpg\" \/>\n\t<meta property=\"og:image:width\" content=\"2560\" \/>\n\t<meta property=\"og:image:height\" content=\"1094\" \/>\n\t<meta property=\"og:image:type\" content=\"image\/jpeg\" \/>\n<meta name=\"twitter:card\" content=\"summary_large_image\" \/>\n<meta name=\"twitter:site\" content=\"@PredictSuccess\" \/>\n<meta name=\"twitter:label1\" content=\"Dur\u00e9e de lecture estim\u00e9e\" \/>\n\t<meta name=\"twitter:data1\" content=\"13 minutes\" \/>\n<!-- \/ Yoast SEO plugin. -->","yoast_head_json":{"title":"\u00c9valuation des aptitudes \u00e0 influencer | Pr\u00e9vision Succ\u00e8s Canada","description":"Pr\u00e9vision Succ\u00e8s, le chef de file du Canada en \u00e9valuation des aptitudes \u00e0 influencer\u00a0: Les outils du Predictive Index\u00ae permettent de trouver les meilleures qualit\u00e9s de leadership. Voyez comment le PI\u00ae peut vous aider \u00e0 trouver et \u00e0 d\u00e9velopper de meilleurs leaders.","robots":{"index":"index","follow":"follow","max-snippet":"max-snippet:-1","max-image-preview":"max-image-preview:large","max-video-preview":"max-video-preview:-1"},"canonical":"https:\/\/www.predictivesuccess.com\/fr\/aptitudes-a-influencer\/","og_locale":"fr_FR","og_type":"article","og_title":"\u00c9valuation des aptitudes \u00e0 influencer | Pr\u00e9vision Succ\u00e8s Canada","og_description":"Pr\u00e9vision Succ\u00e8s, le chef de file du Canada en \u00e9valuation des aptitudes \u00e0 influencer\u00a0: Les outils du Predictive Index\u00ae permettent de trouver les meilleures qualit\u00e9s de leadership. Voyez comment le PI\u00ae peut vous aider \u00e0 trouver et \u00e0 d\u00e9velopper de meilleurs leaders.","og_url":"https:\/\/www.predictivesuccess.com\/fr\/aptitudes-a-influencer\/","og_site_name":"Predictive Success","article_modified_time":"2022-03-07T19:56:48+00:00","og_image":[{"width":2560,"height":1094,"url":"https:\/\/www.predictivesuccess.com\/wp-content\/uploads\/2020\/03\/20180430-IMG_8427-e1580227255220.jpg","type":"image\/jpeg"}],"twitter_card":"summary_large_image","twitter_site":"@PredictSuccess","twitter_misc":{"Dur\u00e9e de lecture estim\u00e9e":"13 minutes"},"schema":{"@context":"https:\/\/schema.org","@graph":[{"@type":"WebPage","@id":"https:\/\/www.predictivesuccess.com\/fr\/aptitudes-a-influencer\/","url":"https:\/\/www.predictivesuccess.com\/fr\/aptitudes-a-influencer\/","name":"\u00c9valuation des aptitudes \u00e0 influencer | Pr\u00e9vision Succ\u00e8s Canada","isPartOf":{"@id":"https:\/\/www.predictivesuccess.com\/fr\/#website"},"primaryImageOfPage":{"@id":"https:\/\/www.predictivesuccess.com\/fr\/aptitudes-a-influencer\/#primaryimage"},"image":{"@id":"https:\/\/www.predictivesuccess.com\/fr\/aptitudes-a-influencer\/#primaryimage"},"thumbnailUrl":"https:\/\/www.predictivesuccess.com\/wp-content\/uploads\/2020\/03\/20180430-IMG_8427-e1580227255220.jpg","datePublished":"2017-03-27T16:42:38+00:00","dateModified":"2022-03-07T19:56:48+00:00","description":"Pr\u00e9vision Succ\u00e8s, le chef de file du Canada en \u00e9valuation des aptitudes \u00e0 influencer\u00a0: Les outils du Predictive Index\u00ae permettent de trouver les meilleures qualit\u00e9s de leadership. Voyez comment le PI\u00ae peut vous aider \u00e0 trouver et \u00e0 d\u00e9velopper de meilleurs leaders.","breadcrumb":{"@id":"https:\/\/www.predictivesuccess.com\/fr\/aptitudes-a-influencer\/#breadcrumb"},"inLanguage":"fr-FR","potentialAction":[{"@type":"ReadAction","target":["https:\/\/www.predictivesuccess.com\/fr\/aptitudes-a-influencer\/"]}]},{"@type":"ImageObject","inLanguage":"fr-FR","@id":"https:\/\/www.predictivesuccess.com\/fr\/aptitudes-a-influencer\/#primaryimage","url":"https:\/\/www.predictivesuccess.com\/wp-content\/uploads\/2020\/03\/20180430-IMG_8427-e1580227255220.jpg","contentUrl":"https:\/\/www.predictivesuccess.com\/wp-content\/uploads\/2020\/03\/20180430-IMG_8427-e1580227255220.jpg","width":2560,"height":1094},{"@type":"BreadcrumbList","@id":"https:\/\/www.predictivesuccess.com\/fr\/aptitudes-a-influencer\/#breadcrumb","itemListElement":[{"@type":"ListItem","position":1,"name":"Accueil","item":"https:\/\/www.predictivesuccess.com\/fr\/"},{"@type":"ListItem","position":2,"name":"Talents en influence"}]},{"@type":"WebSite","@id":"https:\/\/www.predictivesuccess.com\/fr\/#website","url":"https:\/\/www.predictivesuccess.com\/fr\/","name":"Predictive Success","description":"","potentialAction":[{"@type":"SearchAction","target":{"@type":"EntryPoint","urlTemplate":"https:\/\/www.predictivesuccess.com\/fr\/?s={search_term_string}"},"query-input":{"@type":"PropertyValueSpecification","valueRequired":true,"valueName":"search_term_string"}}],"inLanguage":"fr-FR"}]}},"_links":{"self":[{"href":"https:\/\/www.predictivesuccess.com\/fr\/wp-json\/wp\/v2\/pages\/17628","targetHints":{"allow":["GET"]}}],"collection":[{"href":"https:\/\/www.predictivesuccess.com\/fr\/wp-json\/wp\/v2\/pages"}],"about":[{"href":"https:\/\/www.predictivesuccess.com\/fr\/wp-json\/wp\/v2\/types\/page"}],"author":[{"embeddable":true,"href":"https:\/\/www.predictivesuccess.com\/fr\/wp-json\/wp\/v2\/users\/2"}],"replies":[{"embeddable":true,"href":"https:\/\/www.predictivesuccess.com\/fr\/wp-json\/wp\/v2\/comments?post=17628"}],"version-history":[{"count":0,"href":"https:\/\/www.predictivesuccess.com\/fr\/wp-json\/wp\/v2\/pages\/17628\/revisions"}],"wp:featuredmedia":[{"embeddable":true,"href":"https:\/\/www.predictivesuccess.com\/fr\/wp-json\/wp\/v2\/media\/26651"}],"wp:attachment":[{"href":"https:\/\/www.predictivesuccess.com\/fr\/wp-json\/wp\/v2\/media?parent=17628"}],"curies":[{"name":"wp","href":"https:\/\/api.w.org\/{rel}","templated":true}]}}