{"id":17644,"date":"2017-03-28T06:11:08","date_gmt":"2017-03-28T10:11:08","guid":{"rendered":"http:\/\/predictivesuccess.sepstage.ca\/?page_id=17644\/"},"modified":"2021-02-17T22:47:21","modified_gmt":"2021-02-18T03:47:21","slug":"creer-une-culture-de-la-securite-dabord","status":"publish","type":"page","link":"https:\/\/www.predictivesuccess.com\/fr\/creer-une-culture-de-la-securite-dabord\/","title":{"rendered":"Cr\u00e9er une culture de \u00ab la s\u00e9curit\u00e9 d&#8217;abord \u00bb"},"content":{"rendered":"<p><div class=\"fusion-fullwidth fullwidth-box fusion-builder-row-1 fusion-flex-container fusion-parallax-none nonhundred-percent-fullwidth non-hundred-percent-height-scrolling\" style=\"--awb-background-position:center top;--awb-background-blend-mode:overlay;--awb-border-radius-top-left:0px;--awb-border-radius-top-right:0px;--awb-border-radius-bottom-right:0px;--awb-border-radius-bottom-left:0px;--awb-padding-top:20px;--awb-padding-bottom:20px;--awb-margin-bottom:25px;--awb-background-color:rgba(0,0,0,0.8);--awb-background-image:url(&quot;https:\/\/www.predictivesuccess.com\/wp-content\/uploads\/2017\/03\/Create-a-Safety-First-Culture-Main-Image.jpg&quot;);--awb-background-size:cover;--awb-flex-wrap:wrap;\" ><div class=\"fusion-builder-row fusion-row fusion-flex-align-items-flex-start fusion-flex-content-wrap\" style=\"max-width:calc( 1400px + 0px );margin-left: calc(-0px \/ 2 );margin-right: calc(-0px \/ 2 );\"><div class=\"fusion-layout-column fusion_builder_column fusion-builder-column-0 fusion_builder_column_1_1 1_1 fusion-flex-column\" style=\"--awb-padding-top:60px;--awb-padding-bottom:60px;--awb-bg-size:cover;--awb-width-large:100%;--awb-margin-top-large:0px;--awb-spacing-right-large:0px;--awb-margin-bottom-large:20px;--awb-spacing-left-large:0px;--awb-width-medium:100%;--awb-spacing-right-medium:0px;--awb-spacing-left-medium:0px;--awb-width-small:100%;--awb-spacing-right-small:0px;--awb-spacing-left-small:0px;\"><div class=\"fusion-column-wrapper fusion-column-has-shadow fusion-flex-justify-content-center fusion-content-layout-column\"><div class=\"fusion-text fusion-text-1\"><h1 style=\"text-align: left;\"><span style=\"color: #ffffff; font-size: 60px;\">Le chef de file en analytique et formation sur la s\u00e9curit\u00e9<\/span><\/h1>\n<\/div><\/div><\/div><\/div><\/div><div class=\"fusion-fullwidth fullwidth-box fusion-builder-row-2 fusion-flex-container nonhundred-percent-fullwidth non-hundred-percent-height-scrolling\" style=\"--awb-border-radius-top-left:0px;--awb-border-radius-top-right:0px;--awb-border-radius-bottom-right:0px;--awb-border-radius-bottom-left:0px;--awb-padding-top:20px;--awb-padding-bottom:20px;--awb-flex-wrap:wrap;\" ><div class=\"fusion-builder-row fusion-row fusion-flex-align-items-flex-start fusion-flex-content-wrap\" style=\"max-width:calc( 1400px + 0px );margin-left: calc(-0px \/ 2 );margin-right: calc(-0px \/ 2 );\"><div class=\"fusion-layout-column fusion_builder_column fusion-builder-column-1 fusion_builder_column_1_1 1_1 fusion-flex-column\" style=\"--awb-bg-size:cover;--awb-width-large:100%;--awb-margin-top-large:0px;--awb-spacing-right-large:0px;--awb-margin-bottom-large:20px;--awb-spacing-left-large:0px;--awb-width-medium:100%;--awb-spacing-right-medium:0px;--awb-spacing-left-medium:0px;--awb-width-small:100%;--awb-spacing-right-small:0px;--awb-spacing-left-small:0px;\"><div class=\"fusion-column-wrapper fusion-flex-justify-content-flex-start fusion-content-layout-column\"><div class=\"fusion-text fusion-text-2\"><p>Toute personne qui travaille \u00e0 r\u00e9duire le nombre d&#8217;accidents et \u00e0 am\u00e9liorer le rendement s\u00e9curitaire s&#8217;int\u00e9resse aux comportements humains. La s\u00e9curit\u00e9 comportementale consiste en l&#8217;application de recherches comportementales sur le rendement humain en ce qui concerne les probl\u00e8mes de s\u00e9curit\u00e9 en milieu de travail. Dans un milieu de travail pr\u00e9sentant un taux de rendement non s\u00e9curitaire \u00e9lev\u00e9, la mise en \u0153uvre ad\u00e9quate de programmes de s\u00e9curit\u00e9 comportementale engendrera des am\u00e9liorations consid\u00e9rables en mati\u00e8re de rendement s\u00e9curitaire. Par ailleurs, ces programmes r\u00e9duiront grandement les blessures et maladies professionnelles en milieu de travail. Le nombre de personnes bless\u00e9es ou souffrant de maladies professionnelles ainsi que les co\u00fbts financiers connexes seront consid\u00e9rablement r\u00e9duits.<\/p>\n<\/div><\/div><\/div><\/div><\/div><\/p>\n","protected":false},"excerpt":{"rendered":"","protected":false},"author":2,"featured_media":0,"parent":0,"menu_order":0,"comment_status":"closed","ping_status":"closed","template":"100-width.php","meta":{"_acf_changed":false,"protect_children":false,"footnotes":""},"class_list":["post-17644","page","type-page","status-publish","hentry"],"acf":[],"yoast_head":"<!-- This site is optimized with the Yoast SEO plugin v27.4 - https:\/\/yoast.com\/product\/yoast-seo-wordpress\/ -->\n<title>S\u00e9curit\u00e9 en milieu de travail | Pr\u00e9vision Succ\u00e8s Canada<\/title>\n<meta name=\"description\" content=\"Pr\u00e9vision Succ\u00e8s, le chef de file du Canada en outils d\u2019\u00e9valuation, en analytique et en formation sur la s\u00e9curit\u00e9 au travail. Le Predictive Index\u00ae contribue \u00e0 la s\u00e9curit\u00e9 au travail. Voyez comment le PI\u00ae peut vous aider \u00e0 embaucher des personnes qui se soucient de la s\u00e9curit\u00e9.\" \/>\n<meta name=\"robots\" content=\"index, follow, max-snippet:-1, max-image-preview:large, max-video-preview:-1\" \/>\n<link rel=\"canonical\" href=\"https:\/\/www.predictivesuccess.com\/fr\/creer-une-culture-de-la-securite-dabord\/\" \/>\n<meta property=\"og:locale\" content=\"fr_FR\" \/>\n<meta property=\"og:type\" content=\"article\" \/>\n<meta property=\"og:title\" content=\"S\u00e9curit\u00e9 en milieu de travail | Pr\u00e9vision Succ\u00e8s Canada\" \/>\n<meta property=\"og:description\" content=\"Pr\u00e9vision Succ\u00e8s, le chef de file du Canada en outils d\u2019\u00e9valuation, en analytique et en formation sur la s\u00e9curit\u00e9 au travail. Le Predictive Index\u00ae contribue \u00e0 la s\u00e9curit\u00e9 au travail. Voyez comment le PI\u00ae peut vous aider \u00e0 embaucher des personnes qui se soucient de la s\u00e9curit\u00e9.\" \/>\n<meta property=\"og:url\" content=\"https:\/\/www.predictivesuccess.com\/fr\/creer-une-culture-de-la-securite-dabord\/\" \/>\n<meta property=\"og:site_name\" content=\"Predictive Success\" \/>\n<meta property=\"article:modified_time\" content=\"2021-02-18T03:47:21+00:00\" \/>\n<meta name=\"twitter:card\" content=\"summary_large_image\" \/>\n<meta name=\"twitter:site\" content=\"@PredictSuccess\" \/>\n<meta name=\"twitter:label1\" content=\"Dur\u00e9e de lecture estim\u00e9e\" \/>\n\t<meta name=\"twitter:data1\" content=\"4 minutes\" \/>\n<!-- \/ Yoast SEO plugin. -->","yoast_head_json":{"title":"S\u00e9curit\u00e9 en milieu de travail | Pr\u00e9vision Succ\u00e8s Canada","description":"Pr\u00e9vision Succ\u00e8s, le chef de file du Canada en outils d\u2019\u00e9valuation, en analytique et en formation sur la s\u00e9curit\u00e9 au travail. Le Predictive Index\u00ae contribue \u00e0 la s\u00e9curit\u00e9 au travail. Voyez comment le PI\u00ae peut vous aider \u00e0 embaucher des personnes qui se soucient de la s\u00e9curit\u00e9.","robots":{"index":"index","follow":"follow","max-snippet":"max-snippet:-1","max-image-preview":"max-image-preview:large","max-video-preview":"max-video-preview:-1"},"canonical":"https:\/\/www.predictivesuccess.com\/fr\/creer-une-culture-de-la-securite-dabord\/","og_locale":"fr_FR","og_type":"article","og_title":"S\u00e9curit\u00e9 en milieu de travail | Pr\u00e9vision Succ\u00e8s Canada","og_description":"Pr\u00e9vision Succ\u00e8s, le chef de file du Canada en outils d\u2019\u00e9valuation, en analytique et en formation sur la s\u00e9curit\u00e9 au travail. Le Predictive Index\u00ae contribue \u00e0 la s\u00e9curit\u00e9 au travail. Voyez comment le PI\u00ae peut vous aider \u00e0 embaucher des personnes qui se soucient de la s\u00e9curit\u00e9.","og_url":"https:\/\/www.predictivesuccess.com\/fr\/creer-une-culture-de-la-securite-dabord\/","og_site_name":"Predictive Success","article_modified_time":"2021-02-18T03:47:21+00:00","twitter_card":"summary_large_image","twitter_site":"@PredictSuccess","twitter_misc":{"Dur\u00e9e de lecture estim\u00e9e":"4 minutes"},"schema":{"@context":"https:\/\/schema.org","@graph":[{"@type":"WebPage","@id":"https:\/\/www.predictivesuccess.com\/fr\/creer-une-culture-de-la-securite-dabord\/","url":"https:\/\/www.predictivesuccess.com\/fr\/creer-une-culture-de-la-securite-dabord\/","name":"S\u00e9curit\u00e9 en milieu de travail | Pr\u00e9vision Succ\u00e8s Canada","isPartOf":{"@id":"https:\/\/www.predictivesuccess.com\/fr\/#website"},"datePublished":"2017-03-28T10:11:08+00:00","dateModified":"2021-02-18T03:47:21+00:00","description":"Pr\u00e9vision Succ\u00e8s, le chef de file du Canada en outils d\u2019\u00e9valuation, en analytique et en formation sur la s\u00e9curit\u00e9 au travail. Le Predictive Index\u00ae contribue \u00e0 la s\u00e9curit\u00e9 au travail. Voyez comment le PI\u00ae peut vous aider \u00e0 embaucher des personnes qui se soucient de la s\u00e9curit\u00e9.","breadcrumb":{"@id":"https:\/\/www.predictivesuccess.com\/fr\/creer-une-culture-de-la-securite-dabord\/#breadcrumb"},"inLanguage":"fr-FR","potentialAction":[{"@type":"ReadAction","target":["https:\/\/www.predictivesuccess.com\/fr\/creer-une-culture-de-la-securite-dabord\/"]}]},{"@type":"BreadcrumbList","@id":"https:\/\/www.predictivesuccess.com\/fr\/creer-une-culture-de-la-securite-dabord\/#breadcrumb","itemListElement":[{"@type":"ListItem","position":1,"name":"Accueil","item":"https:\/\/www.predictivesuccess.com\/fr\/"},{"@type":"ListItem","position":2,"name":"Cr\u00e9er une culture de \u00ab la s\u00e9curit\u00e9 d&#8217;abord \u00bb"}]},{"@type":"WebSite","@id":"https:\/\/www.predictivesuccess.com\/fr\/#website","url":"https:\/\/www.predictivesuccess.com\/fr\/","name":"Predictive Success","description":"","potentialAction":[{"@type":"SearchAction","target":{"@type":"EntryPoint","urlTemplate":"https:\/\/www.predictivesuccess.com\/fr\/?s={search_term_string}"},"query-input":{"@type":"PropertyValueSpecification","valueRequired":true,"valueName":"search_term_string"}}],"inLanguage":"fr-FR"}]}},"_links":{"self":[{"href":"https:\/\/www.predictivesuccess.com\/fr\/wp-json\/wp\/v2\/pages\/17644","targetHints":{"allow":["GET"]}}],"collection":[{"href":"https:\/\/www.predictivesuccess.com\/fr\/wp-json\/wp\/v2\/pages"}],"about":[{"href":"https:\/\/www.predictivesuccess.com\/fr\/wp-json\/wp\/v2\/types\/page"}],"author":[{"embeddable":true,"href":"https:\/\/www.predictivesuccess.com\/fr\/wp-json\/wp\/v2\/users\/2"}],"replies":[{"embeddable":true,"href":"https:\/\/www.predictivesuccess.com\/fr\/wp-json\/wp\/v2\/comments?post=17644"}],"version-history":[{"count":0,"href":"https:\/\/www.predictivesuccess.com\/fr\/wp-json\/wp\/v2\/pages\/17644\/revisions"}],"wp:attachment":[{"href":"https:\/\/www.predictivesuccess.com\/fr\/wp-json\/wp\/v2\/media?parent=17644"}],"curies":[{"name":"wp","href":"https:\/\/api.w.org\/{rel}","templated":true}]}}