{"id":17729,"date":"2017-03-30T20:34:52","date_gmt":"2017-03-31T00:34:52","guid":{"rendered":"http:\/\/predictivesuccess.sepstage.ca\/?page_id=17729\/"},"modified":"2021-01-27T23:03:39","modified_gmt":"2021-01-28T04:03:39","slug":"terms-and-conditions","status":"publish","type":"page","link":"https:\/\/www.predictivesuccess.com\/fr\/terms-and-conditions\/","title":{"rendered":"Terms and Conditions"},"content":{"rendered":"<div class=\"fusion-fullwidth fullwidth-box fusion-builder-row-1 fusion-flex-container nonhundred-percent-fullwidth non-hundred-percent-height-scrolling\" style=\"--awb-border-radius-top-left:0px;--awb-border-radius-top-right:0px;--awb-border-radius-bottom-right:0px;--awb-border-radius-bottom-left:0px;--awb-padding-top:0px;--awb-padding-bottom:25px;--awb-flex-wrap:wrap;\" ><div class=\"fusion-builder-row fusion-row fusion-flex-align-items-flex-start fusion-flex-content-wrap\" style=\"max-width:calc( 1400px + 0px );margin-left: calc(-0px \/ 2 );margin-right: calc(-0px \/ 2 );\"><div class=\"fusion-layout-column fusion_builder_column fusion-builder-column-0 fusion_builder_column_1_1 1_1 fusion-flex-column\" style=\"--awb-bg-size:cover;--awb-width-large:100%;--awb-margin-top-large:0px;--awb-spacing-right-large:0px;--awb-margin-bottom-large:20px;--awb-spacing-left-large:0px;--awb-width-medium:100%;--awb-spacing-right-medium:0px;--awb-spacing-left-medium:0px;--awb-width-small:100%;--awb-spacing-right-small:0px;--awb-spacing-left-small:0px;\"><div class=\"fusion-column-wrapper fusion-flex-justify-content-flex-start fusion-content-layout-column\"><div class=\"fusion-text fusion-text-1\"><h2>POLITIQUES DE PAIEMENT ET D&#8217;ANNULATION 2015<\/h2>\n<p>La formation sur la gestion de Predictive Index\u00ae vous propose un outil qui am\u00e9liore consid\u00e9rablement l&#8217;\u00e9panouissement personnel et le d\u00e9veloppement du leadership. Il existe des raisons pour lesquelles 28 % des soci\u00e9t\u00e9s les mieux g\u00e9r\u00e9es au Canada font d\u00e9sormais appel \u00e0 Predictive Success.<\/p>\n<p>Un gestionnaire ou un employ\u00e9 qui s&#8217;inscrit \u00e0 un s\u00e9minaire Predictive Index, CFS ou LTP doit investir son temps dans celui-ci, car nous devons r\u00e9server un animateur-formateur, payer la salle ainsi que les repas et les ateliers.<\/p>\n<p>La dur\u00e9e d&#8217;une formation Predictive Index est consid\u00e9r\u00e9e comme \u00e9tant tr\u00e8s b\u00e9n\u00e9fique pour votre d\u00e9veloppement en tant que gestionnaire au sein de votre entreprise. Cette formation se traduit par un titre de comp\u00e9tences \u00e0 vie.<\/p>\n<p>Apr\u00e8s votre inscription, veuillez r\u00e9server ces deux jours dans le cadre de votre perfectionnement professionnel, et respecter ces dates. Si vous devez reporter votre formation pour des raisons de sant\u00e9, notre politique est \u00e9nonc\u00e9e ci-dessous. REMARQUE : en raison des co\u00fbts li\u00e9s \u00e0 la r\u00e9servation des places pour vos employ\u00e9s, toute modification entra\u00eenera des frais d&#8217;annulation<\/p>\n<p><strong>Notre politique d&#8217;annulation :<\/strong><\/p>\n<p>Politique d&#8217;annulation ou de modification d&#8217;un s\u00e9minaire Predictive Index20 jours ou plus avant le s\u00e9minaire \u2013 AUCUNS FRAIS ne seront exig\u00e9s sous r\u00e9serve d&#8217;avoir communiqu\u00e9 au pr\u00e9alable avec Julie Cane, notre administratrice des Services partag\u00e9s par courriel \u00e0 : jcane@predictivesuccess.com ou par t\u00e9l\u00e9phone au num\u00e9ro sans frais 1 855 430 9788<\/p>\n<p>Moins de 15 jours \u2013 la totalit\u00e9 des frais du s\u00e9minaire sera due, mais un cr\u00e9dit \u00e0 l&#8217;interne sera conserv\u00e9 dans le dossier de l&#8217;entreprise aux fins d&#8217;utilisation \u00e0 une date ult\u00e9rieure durant la m\u00eame ann\u00e9e civile.<\/p>\n<p>1 \u00e0 7 jours \u00e0 l&#8217;avance, la totalit\u00e9 des frais sera exigible. Tout comme les autres frais de fournisseurs de formation pour adultes sont exig\u00e9s au moment de l&#8217;inscription. Si un participant d\u00e9j\u00e0 inscrit ne peut assister \u00e0 la formation, il peut d\u00e9signer une personne pour le remplacer ou demander un cr\u00e9dit \u00e0 l&#8217;interne qu&#8217;il pourra utiliser dans un d\u00e9lai de trois (3) mois \u00e0 la suite de l&#8217;annulation. Des frais de gestion de 100 $ seront factur\u00e9s afin de traiter cette demande de transfert.<\/p>\n<p><strong>Nouveaux frais de cours de perfectionnement<\/strong><\/p>\n<p>Notre nouvelle politique comprend un jeton de pr\u00e9sence de 75 $ pour compenser les co\u00fbts de nourriture et de location d&#8217;une salle aupr\u00e8s de tout analyste de PI qui souhaite revenir et suivre un cours de recyclage. Si vous \u00eates int\u00e9ress\u00e9, veuillez communiquer avec Julie Cane par courriel (jcane@predictive-success.com) pour vous inscrire et \u00e9tablir les modalit\u00e9s de paiement.<\/p>\n<p><strong>Frais de gestion annuels de Predictive Index<\/strong><\/p>\n<p>Une licence annuelle de frais de gestion de PI consiste en un contrat d&#8217;inscription sign\u00e9 par un repr\u00e9sentant de chaque entreprise pour mettre en place, \u00e9tablir et r\u00e9server sa pr\u00e9sence \u00e0 un programme de PI. Predictive Success administre les portails de clients selon un contrat de 12 mois. Pour cette raison, un avis de r\u00e9siliation par \u00e9crit est exig\u00e9 au moins 60 jours \u00e0 l&#8217;avance pour \u00eatre retir\u00e9 de notre programme. En l&#8217;absence d&#8217;un avis, le contrat sera en vigueur pour 12 autres mois.<\/p>\n<\/div><\/div><\/div><\/div><\/div>\n","protected":false},"excerpt":{"rendered":"","protected":false},"author":2,"featured_media":0,"parent":0,"menu_order":0,"comment_status":"closed","ping_status":"closed","template":"100-width.php","meta":{"_acf_changed":false,"protect_children":false,"footnotes":""},"class_list":["post-17729","page","type-page","status-publish","hentry"],"acf":[],"yoast_head":"<!-- This site is optimized with the Yoast SEO plugin v27.2 - https:\/\/yoast.com\/product\/yoast-seo-wordpress\/ -->\n<title>Termes et Conditions - Predictive Success<\/title>\n<meta name=\"robots\" content=\"index, follow, max-snippet:-1, max-image-preview:large, max-video-preview:-1\" \/>\n<link rel=\"canonical\" href=\"https:\/\/www.predictivesuccess.com\/fr\/terms-and-conditions\/\" \/>\n<meta property=\"og:locale\" content=\"fr_FR\" \/>\n<meta property=\"og:type\" content=\"article\" \/>\n<meta property=\"og:title\" content=\"Termes et Conditions - Predictive Success\" \/>\n<meta property=\"og:url\" content=\"https:\/\/www.predictivesuccess.com\/fr\/terms-and-conditions\/\" \/>\n<meta property=\"og:site_name\" content=\"Predictive Success\" \/>\n<meta property=\"article:modified_time\" content=\"2021-01-28T04:03:39+00:00\" \/>\n<meta name=\"twitter:card\" content=\"summary_large_image\" \/>\n<meta name=\"twitter:site\" content=\"@PredictSuccess\" \/>\n<meta name=\"twitter:label1\" content=\"Dur\u00e9e de lecture estim\u00e9e\" \/>\n\t<meta name=\"twitter:data1\" content=\"3 minutes\" \/>\n<!-- \/ Yoast SEO plugin. -->","yoast_head_json":{"title":"Termes et Conditions - Predictive Success","robots":{"index":"index","follow":"follow","max-snippet":"max-snippet:-1","max-image-preview":"max-image-preview:large","max-video-preview":"max-video-preview:-1"},"canonical":"https:\/\/www.predictivesuccess.com\/fr\/terms-and-conditions\/","og_locale":"fr_FR","og_type":"article","og_title":"Termes et Conditions - Predictive Success","og_url":"https:\/\/www.predictivesuccess.com\/fr\/terms-and-conditions\/","og_site_name":"Predictive Success","article_modified_time":"2021-01-28T04:03:39+00:00","twitter_card":"summary_large_image","twitter_site":"@PredictSuccess","twitter_misc":{"Dur\u00e9e de lecture estim\u00e9e":"3 minutes"},"schema":{"@context":"https:\/\/schema.org","@graph":[{"@type":"WebPage","@id":"https:\/\/www.predictivesuccess.com\/fr\/terms-and-conditions\/","url":"https:\/\/www.predictivesuccess.com\/fr\/terms-and-conditions\/","name":"Termes et Conditions - Predictive Success","isPartOf":{"@id":"https:\/\/www.predictivesuccess.com\/fr\/#website"},"datePublished":"2017-03-31T00:34:52+00:00","dateModified":"2021-01-28T04:03:39+00:00","breadcrumb":{"@id":"https:\/\/www.predictivesuccess.com\/fr\/terms-and-conditions\/#breadcrumb"},"inLanguage":"fr-FR","potentialAction":[{"@type":"ReadAction","target":["https:\/\/www.predictivesuccess.com\/fr\/terms-and-conditions\/"]}]},{"@type":"BreadcrumbList","@id":"https:\/\/www.predictivesuccess.com\/fr\/terms-and-conditions\/#breadcrumb","itemListElement":[{"@type":"ListItem","position":1,"name":"Accueil","item":"https:\/\/www.predictivesuccess.com\/fr\/"},{"@type":"ListItem","position":2,"name":"Terms and Conditions"}]},{"@type":"WebSite","@id":"https:\/\/www.predictivesuccess.com\/fr\/#website","url":"https:\/\/www.predictivesuccess.com\/fr\/","name":"Predictive Success","description":"","potentialAction":[{"@type":"SearchAction","target":{"@type":"EntryPoint","urlTemplate":"https:\/\/www.predictivesuccess.com\/fr\/?s={search_term_string}"},"query-input":{"@type":"PropertyValueSpecification","valueRequired":true,"valueName":"search_term_string"}}],"inLanguage":"fr-FR"}]}},"_links":{"self":[{"href":"https:\/\/www.predictivesuccess.com\/fr\/wp-json\/wp\/v2\/pages\/17729","targetHints":{"allow":["GET"]}}],"collection":[{"href":"https:\/\/www.predictivesuccess.com\/fr\/wp-json\/wp\/v2\/pages"}],"about":[{"href":"https:\/\/www.predictivesuccess.com\/fr\/wp-json\/wp\/v2\/types\/page"}],"author":[{"embeddable":true,"href":"https:\/\/www.predictivesuccess.com\/fr\/wp-json\/wp\/v2\/users\/2"}],"replies":[{"embeddable":true,"href":"https:\/\/www.predictivesuccess.com\/fr\/wp-json\/wp\/v2\/comments?post=17729"}],"version-history":[{"count":0,"href":"https:\/\/www.predictivesuccess.com\/fr\/wp-json\/wp\/v2\/pages\/17729\/revisions"}],"wp:attachment":[{"href":"https:\/\/www.predictivesuccess.com\/fr\/wp-json\/wp\/v2\/media?parent=17729"}],"curies":[{"name":"wp","href":"https:\/\/api.w.org\/{rel}","templated":true}]}}