{"id":18448,"date":"2017-05-19T10:42:09","date_gmt":"2017-05-19T14:42:09","guid":{"rendered":"https:\/\/www.predictivesuccess.com\/?page_id=18448\/"},"modified":"2020-03-26T14:59:35","modified_gmt":"2020-03-26T18:59:35","slug":"careers","status":"publish","type":"page","link":"https:\/\/www.predictivesuccess.com\/fr\/careers\/","title":{"rendered":"Carri\u00e8res"},"content":{"rendered":"<p><div class=\"fusion-fullwidth fullwidth-box fusion-builder-row-1 fusion-flex-container nonhundred-percent-fullwidth non-hundred-percent-height-scrolling\" style=\"--awb-border-radius-top-left:0px;--awb-border-radius-top-right:0px;--awb-border-radius-bottom-right:0px;--awb-border-radius-bottom-left:0px;--awb-padding-top:20px;--awb-padding-bottom:20px;--awb-flex-wrap:wrap;\" ><div class=\"fusion-builder-row fusion-row fusion-flex-align-items-flex-start fusion-flex-content-wrap\" style=\"max-width:calc( 1400px + 0px );margin-left: calc(-0px \/ 2 );margin-right: calc(-0px \/ 2 );\"><div class=\"fusion-layout-column fusion_builder_column fusion-builder-column-0 fusion_builder_column_1_1 1_1 fusion-flex-column\" style=\"--awb-bg-size:cover;--awb-width-large:100%;--awb-margin-top-large:0px;--awb-spacing-right-large:0px;--awb-margin-bottom-large:20px;--awb-spacing-left-large:0px;--awb-width-medium:100%;--awb-spacing-right-medium:0px;--awb-spacing-left-medium:0px;--awb-width-small:100%;--awb-spacing-right-small:0px;--awb-spacing-left-small:0px;\"><div class=\"fusion-column-wrapper fusion-flex-justify-content-flex-start fusion-content-layout-column\"><div class=\"fusion-title title fusion-title-1 fusion-sep-none fusion-title-center fusion-title-text fusion-title-size-one\" style=\"--awb-margin-bottom:0px;--awb-margin-top-small:0px;--awb-margin-right-small:0px;--awb-margin-bottom-small:20px;--awb-margin-left-small:0px;\"><h1 class=\"fusion-title-heading title-heading-center fusion-responsive-typography-calculated\" style=\"margin:0;--fontSize:36;line-height:1.4;\"><h1>\u00caTRE \u00c0 L\u2019EMPLOI DE PR\u00c9VISION SUCC\u00c8S<\/h1><\/h1><\/div><\/div><\/div><div class=\"fusion-layout-column fusion_builder_column fusion-builder-column-1 fusion_builder_column_1_1 1_1 fusion-flex-column\" style=\"--awb-bg-size:cover;--awb-width-large:100%;--awb-margin-top-large:0px;--awb-spacing-right-large:0px;--awb-margin-bottom-large:20px;--awb-spacing-left-large:0px;--awb-width-medium:100%;--awb-spacing-right-medium:0px;--awb-spacing-left-medium:0px;--awb-width-small:100%;--awb-spacing-right-small:0px;--awb-spacing-left-small:0px;\"><div class=\"fusion-column-wrapper fusion-flex-justify-content-flex-start fusion-content-layout-column\"><div class=\"fusion-text fusion-text-1\"><h3>Chef de file en analyse du capital humain<\/h3>\n<p>Nous nous engageons \u00e0 aider nos clients \u00e0 d\u00e9nicher et \u00e0 recruter les personnes les plus qualifi\u00e9es, \u00e0 consolider des \u00e9quipes et \u00e0 former des dirigeants, \u00e0 g\u00e9rer les changements, \u00e0 influencer la productivit\u00e9 et \u00e0 stimuler les ventes. Nos clients appliquent nos \u00ab donn\u00e9es sur les personnes \u00bb afin d\u2019appuyer leurs d\u00e9cisions en mati\u00e8re d\u2019embauche, d\u2019examiner les occasions de promotions, de planifier la rel\u00e8ve ainsi que d\u2019accro\u00eetre le rendement au sein d\u2019un groupe, d\u2019une \u00e9quipe et sur le plan individuel.<\/p>\n<p><strong>Avantages et r\u00e9compenses<\/strong><br \/>\nNos associ\u00e9s ainsi que nos employ\u00e9s \u00e0 temps plein sont admissibles \u00e0 une vaste gamme d\u2019avantages* et de r\u00e9compenses. Nous offrons un taux de salaire de d\u00e9but concurrentiel ainsi qu\u2019un salaire au taux normal et des \u00e9valuations du rendement afin de promouvoir l\u2019accroissement des comp\u00e9tences professionnelles et la rentabilit\u00e9.<\/p>\n<p>Les employ\u00e9s \u00e0 temps plein de Pr\u00e9vision Succ\u00e8s sont admissibles \u00e0 une r\u00e9mun\u00e9ration globale et \u00e0 des avantages am\u00e9lior\u00e9s comme notre r\u00e9gime d\u2019assurance collective complet qui comprend l\u2019assurance-maladie compl\u00e9mentaire, les soins dentaires, l\u2019assurance invalidit\u00e9 et l\u2019assurance vie pour nos employ\u00e9s et leur famille.<\/p>\n<\/div><\/div><\/div><div class=\"fusion-layout-column fusion_builder_column fusion-builder-column-2 fusion_builder_column_1_1 1_1 fusion-flex-column\" style=\"--awb-padding-top:5px;--awb-bg-size:cover;--awb-width-large:100%;--awb-margin-top-large:0px;--awb-spacing-right-large:0px;--awb-margin-bottom-large:20px;--awb-spacing-left-large:0px;--awb-width-medium:100%;--awb-spacing-right-medium:0px;--awb-spacing-left-medium:0px;--awb-width-small:100%;--awb-spacing-right-small:0px;--awb-spacing-left-small:0px;\"><div class=\"fusion-column-wrapper fusion-flex-justify-content-flex-start fusion-content-layout-column\"><div class=\"fusion-title title fusion-title-2 fusion-sep-none fusion-title-text fusion-title-size-two\" style=\"--awb-margin-bottom:0px;--awb-margin-top-small:0px;--awb-margin-right-small:0px;--awb-margin-bottom-small:20px;--awb-margin-left-small:0px;\"><h2 class=\"fusion-title-heading title-heading-left fusion-responsive-typography-calculated\" style=\"margin:0;--fontSize:28;line-height:1.5;\"><h3>Emplois Disponibles<\/h3><\/h2><\/div><\/div><\/div><\/div><\/div><div class=\"fusion-fullwidth fullwidth-box fusion-builder-row-2 fusion-flex-container nonhundred-percent-fullwidth non-hundred-percent-height-scrolling\" style=\"--awb-border-radius-top-left:0px;--awb-border-radius-top-right:0px;--awb-border-radius-bottom-right:0px;--awb-border-radius-bottom-left:0px;--awb-padding-top:0px;--awb-padding-bottom:25px;--awb-margin-top:0px;--awb-flex-wrap:wrap;\" ><div class=\"fusion-builder-row fusion-row fusion-flex-align-items-flex-start fusion-flex-content-wrap\" style=\"max-width:calc( 1400px + 0px );margin-left: calc(-0px \/ 2 );margin-right: calc(-0px \/ 2 );\"><div class=\"fusion-layout-column fusion_builder_column fusion-builder-column-3 fusion_builder_column_1_1 1_1 fusion-flex-column\" style=\"--awb-bg-size:cover;--awb-width-large:100%;--awb-margin-top-large:0px;--awb-spacing-right-large:0px;--awb-margin-bottom-large:0px;--awb-spacing-left-large:0px;--awb-width-medium:100%;--awb-spacing-right-medium:0px;--awb-spacing-left-medium:0px;--awb-width-small:100%;--awb-spacing-right-small:0px;--awb-spacing-left-small:0px;\"><div class=\"fusion-column-wrapper fusion-flex-justify-content-flex-start fusion-content-layout-column\"><div class=\"fusion-tabs fusion-tabs-1 classic nav-not-justified horizontal-tabs icon-position-left mobile-mode-accordion\" style=\"--awb-title-border-radius-top-left:0px;--awb-title-border-radius-top-right:0px;--awb-title-border-radius-bottom-right:0px;--awb-title-border-radius-bottom-left:0px;--awb-inactive-color:#ebeaea;--awb-background-color:#ffffff;--awb-border-color:#ebeaea;--awb-active-border-color:#fd1813;\"><div class=\"nav\"><ul class=\"nav-tabs\" role=\"tablist\"><li class=\"active\" role=\"presentation\"><a class=\"tab-link\" data-toggle=\"tab\" role=\"tab\" aria-controls=\"tab-b155fda431e103252a9\" aria-selected=\"true\" id=\"fusion-tab-directeurdud\u00e9veloppementcommercialbilingue\" href=\"#tab-b155fda431e103252a9\"><h4 class=\"fusion-tab-heading\">Directeur du D\u00e9veloppement Commercial Bilingue<\/h4><\/a><\/li><\/ul><\/div><div class=\"tab-content\"><div class=\"nav fusion-mobile-tab-nav\"><ul class=\"nav-tabs\" role=\"tablist\"><li class=\"active\" role=\"presentation\"><a class=\"tab-link\" data-toggle=\"tab\" role=\"tab\" aria-controls=\"tab-b155fda431e103252a9\" aria-selected=\"true\" id=\"mobile-fusion-tab-directeurdud\u00e9veloppementcommercialbilingue\" href=\"#tab-b155fda431e103252a9\"><h4 class=\"fusion-tab-heading\">Directeur du D\u00e9veloppement Commercial Bilingue<\/h4><\/a><\/li><\/ul><\/div><div class=\"tab-pane fade fusion-clearfix in active\" role=\"tabpanel\" tabindex=\"0\" aria-labelledby=\"fusion-tab-directeurdud\u00e9veloppementcommercialbilingue\" id=\"tab-b155fda431e103252a9\">\n<p>\u00cates-vous passionn\u00e9 du d\u00e9veloppement commercial et habile \u00e0 d\u00e9nicher de nouvelles occasions de vente ? Aimez-vous travailler de fa\u00e7on autonome dans un environnement dynamique o\u00f9 les activit\u00e9s se d\u00e9roulent \u00e0 un rythme rapide? Si c&#8217;est le cas, Pr\u00e9vision\u00a0Succ\u00e8s est l&#8217;endroit tout d\u00e9sign\u00e9 pour la prochaine \u00e9tape de votre carri\u00e8re !<\/p>\n<p>Pr\u00e9vision Succ\u00e8s est un partenaire certifi\u00e9 de Predictive Index, une soci\u00e9t\u00e9 internationale de consultation de gestion qui se sp\u00e9cialise dans l&#8217;analyse du capital humain.<\/p>\n<p>Nous souhaitons accro\u00eetre notre pr\u00e9sence par l&#8217;ajout d&#8217;un nouveau repr\u00e9sentant du d\u00e9veloppement commercial bilingue (anglais et fran\u00e7ais) dans notre \u00e9quipe de Montr\u00e9al. Ce\u00a0directeur influent d\u00e9veloppera un solide bassin de pistes de vente, principalement par la prospection t\u00e9l\u00e9phonique.<\/p>\n<p><strong>Principales\u00a0responsabiliti\u00e9s\u00a0:<\/strong><\/p>\n<ul>\n<li>Chercher et cr\u00e9er de nouvelles occasions d&#8217;affaires par la recherche, l&#8217;identification de cibles et le r\u00e9seautage.<\/li>\n<li>Trier toutes les pistes de vente admissibles, puis effectuer la distribution ad\u00e9quate par l&#8217;entonnoir de prospection.<\/li>\n<li>Effectuer des appels t\u00e9l\u00e9phoniques sortants, envoyer des courriels, interagir sur les m\u00e9dias sociaux et sur les plateformes de messagerie instantan\u00e9e afin de g\u00e9n\u00e9rer de nouveaux clients potentiels et d&#8217;inciter d&#8217;autres clients potentiels tout au long du cycle des ventes.<\/li>\n<li>Atteindre et surpasser les objectifs des ventes mensuels, trimestriels et annuels.<\/li>\n<li>Approfondir ses connaissances des produits par le biais de formations internes.<\/li>\n<li>Consigner, faire le suivi et la mise \u00e0 jour des contacts avec les clients potentiels ainsi que des dossiers des contacts.<\/li>\n<li>\u00catre en mesure de planifier des processus r\u00e9p\u00e9titifs pour une prospection ad\u00e9quate de la client\u00e8le.<\/li>\n<li>Collaborer avec les directeurs commerciaux pour la planification du territoire et des comptes.<\/li>\n<\/ul>\n<p><strong>Exp\u00e9rience souhait\u00e9e\u00a0:<\/strong><\/p>\n<ul>\n<li>Titulaire d&#8217;un baccalaur\u00e9at en administration des affaires, en marketing, en communication ou dans un domaine d&#8217;\u00e9tudes similaire.<\/li>\n<li>Jusqu&#8217;\u00e0 deux ann\u00e9es et plus d&#8217;exp\u00e9rience en prospection dans la vente de solutions ou de services des RH.<\/li>\n<li>Apte \u00e0 interagir et \u00e0 communiquer avec des personnes \u00e0 tous les \u00e9chelons de l&#8217;entreprise.<\/li>\n<li>Excellentes aptitudes \u00e0 communiquer en personne, au t\u00e9l\u00e9phone et par \u00e9crit avec les clients.<\/li>\n<li>Compr\u00e9hension des syst\u00e8mes de flux de travaux et de leurs applications envers l&#8217;am\u00e9lioration des processus d&#8217;affaires des clients.<\/li>\n<li>Comp\u00e9tences exceptionnelles en pr\u00e9sentation et capacit\u00e9 \u00e0 faire des pr\u00e9sentations officielles et informelles aux clients potentiels.<\/li>\n<li>Capacit\u00e9 \u00e0 prioriser les attributions des t\u00e2ches et \u00e0 r\u00e9orienter ses efforts de travail en fonction des besoins du service ou des objectifs d&#8217;affaires.<\/li>\n<li>Solides comp\u00e9tences en informatique, y compris l&#8217;utilisation de l&#8217;application standard MS Office; la connaissance de HubSpot est consid\u00e9r\u00e9e comme un atout.<\/li>\n<li>Capacit\u00e9 \u00e0 g\u00e9rer son temps efficacement, \u00e0 travailler de fa\u00e7on autonome et \u00e0 \u00eatre motiv\u00e9.<\/li>\n<li>Solide g\u00e9n\u00e9ration de pistes de vente et aptitude \u00e0 effectuer des suivis.<\/li>\n<\/ul>\n<p><strong>Les candidats les plus qualifi\u00e9s pour ce poste seront :<\/strong><\/p>\n<ul>\n<li>ax\u00e9s sur les relations d&#8217;affaires \u2013 identifier les relations strat\u00e9giques avec les membres de l&#8217;\u00e9quipe interne et les clients potentiels externes.<\/li>\n<li>avides de connaissances \u2013 apprendre rapidement au sujet de nos syst\u00e8mes et de notre industrie.<\/li>\n<li>dynamiques \u2013 notre \u00e9quipe est dynamique, il s&#8217;av\u00e8re indispensable de faire preuve d&#8217;\u00e9nergie.<\/li>\n<li>travailleurs assidus \u2013 nous sommes une entreprise en pleine croissance, vous DEVEZ \u00eatre dispos\u00e9 \u00e0 retrousser vos manches.<\/li>\n<li>amusants \u2013 nous travaillons d&#8217;arrache-pied, mais aimons nous amuser tout autant; nous esp\u00e9rons que c&#8217;est la m\u00eame chose pour vous !<\/li>\n<\/ul>\n<p>Pr\u00e9vision Succ\u00e8s offre un salaire concurrentiel, une allocation pour la mise en forme et le t\u00e9l\u00e9phone cellulaire ainsi que des avantages sociaux pour le travail \u00e0 domicile. Pr\u00e9vision\u00a0Succ\u00e8s pourrait bien \u00eatre votre prochaine \u00e9tape de carri\u00e8re !<\/p>\n<\/div><\/div><\/div><\/div><\/div><\/div><\/div><div class=\"fusion-fullwidth fullwidth-box fusion-builder-row-3 fusion-flex-container nonhundred-percent-fullwidth non-hundred-percent-height-scrolling\" style=\"--awb-border-radius-top-left:0px;--awb-border-radius-top-right:0px;--awb-border-radius-bottom-right:0px;--awb-border-radius-bottom-left:0px;--awb-padding-top:20px;--awb-padding-bottom:20px;--awb-flex-wrap:wrap;\" ><div class=\"fusion-builder-row fusion-row fusion-flex-align-items-flex-start fusion-flex-content-wrap\" style=\"max-width:calc( 1400px + 0px );margin-left: calc(-0px \/ 2 );margin-right: calc(-0px \/ 2 );\"><div class=\"fusion-layout-column fusion_builder_column fusion-builder-column-4 fusion_builder_column_1_1 1_1 fusion-flex-column\" style=\"--awb-bg-size:cover;--awb-width-large:100%;--awb-margin-top-large:0px;--awb-spacing-right-large:0px;--awb-margin-bottom-large:20px;--awb-spacing-left-large:0px;--awb-width-medium:100%;--awb-spacing-right-medium:0px;--awb-spacing-left-medium:0px;--awb-width-small:100%;--awb-spacing-right-small:0px;--awb-spacing-left-small:0px;\"><div class=\"fusion-column-wrapper fusion-flex-justify-content-flex-start fusion-content-layout-column\"><div style=\"text-align:center;\"><a class=\"fusion-button button-flat fusion-button-default-size button-default fusion-button-default button-1 fusion-button-default-span fusion-button-default-type\" target=\"_self\" href=\"https:\/\/www.predictivesuccess.com\/fr\/carrieres-postulez-des-aujourdhui\/\"><span class=\"fusion-button-text awb-button__text awb-button__text--default\">Postulez d\u00e8s aujourd\u2019hui<\/span><\/a><\/div><\/div><\/div><\/div><\/div><\/p>\n","protected":false},"excerpt":{"rendered":"","protected":false},"author":2,"featured_media":0,"parent":0,"menu_order":0,"comment_status":"closed","ping_status":"closed","template":"100-width.php","meta":{"_acf_changed":false,"protect_children":false,"footnotes":""},"class_list":["post-18448","page","type-page","status-publish","hentry"],"acf":[],"yoast_head":"<!-- This site is optimized with the Yoast SEO plugin v27.2 - https:\/\/yoast.com\/product\/yoast-seo-wordpress\/ -->\n<title>Carri\u00e8res - Predictive Success<\/title>\n<meta name=\"robots\" content=\"index, follow, max-snippet:-1, max-image-preview:large, max-video-preview:-1\" \/>\n<link rel=\"canonical\" href=\"https:\/\/www.predictivesuccess.com\/fr\/careers\/\" \/>\n<meta property=\"og:locale\" content=\"fr_FR\" \/>\n<meta property=\"og:type\" content=\"article\" \/>\n<meta property=\"og:title\" content=\"Carri\u00e8res - Predictive Success\" \/>\n<meta property=\"og:url\" content=\"https:\/\/www.predictivesuccess.com\/fr\/careers\/\" \/>\n<meta property=\"og:site_name\" content=\"Predictive Success\" \/>\n<meta property=\"article:modified_time\" content=\"2020-03-26T18:59:35+00:00\" \/>\n<meta name=\"twitter:card\" content=\"summary_large_image\" \/>\n<meta name=\"twitter:site\" content=\"@PredictSuccess\" \/>\n<meta name=\"twitter:label1\" content=\"Dur\u00e9e de lecture estim\u00e9e\" \/>\n\t<meta name=\"twitter:data1\" content=\"8 minutes\" \/>\n<!-- \/ Yoast SEO plugin. -->","yoast_head_json":{"title":"Carri\u00e8res - Predictive Success","robots":{"index":"index","follow":"follow","max-snippet":"max-snippet:-1","max-image-preview":"max-image-preview:large","max-video-preview":"max-video-preview:-1"},"canonical":"https:\/\/www.predictivesuccess.com\/fr\/careers\/","og_locale":"fr_FR","og_type":"article","og_title":"Carri\u00e8res - Predictive Success","og_url":"https:\/\/www.predictivesuccess.com\/fr\/careers\/","og_site_name":"Predictive Success","article_modified_time":"2020-03-26T18:59:35+00:00","twitter_card":"summary_large_image","twitter_site":"@PredictSuccess","twitter_misc":{"Dur\u00e9e de lecture estim\u00e9e":"8 minutes"},"schema":{"@context":"https:\/\/schema.org","@graph":[{"@type":"WebPage","@id":"https:\/\/www.predictivesuccess.com\/fr\/careers\/","url":"https:\/\/www.predictivesuccess.com\/fr\/careers\/","name":"Carri\u00e8res - Predictive Success","isPartOf":{"@id":"https:\/\/www.predictivesuccess.com\/fr\/#website"},"datePublished":"2017-05-19T14:42:09+00:00","dateModified":"2020-03-26T18:59:35+00:00","breadcrumb":{"@id":"https:\/\/www.predictivesuccess.com\/fr\/careers\/#breadcrumb"},"inLanguage":"fr-FR","potentialAction":[{"@type":"ReadAction","target":["https:\/\/www.predictivesuccess.com\/fr\/careers\/"]}]},{"@type":"BreadcrumbList","@id":"https:\/\/www.predictivesuccess.com\/fr\/careers\/#breadcrumb","itemListElement":[{"@type":"ListItem","position":1,"name":"Accueil","item":"https:\/\/www.predictivesuccess.com\/fr\/"},{"@type":"ListItem","position":2,"name":"Carri\u00e8res"}]},{"@type":"WebSite","@id":"https:\/\/www.predictivesuccess.com\/fr\/#website","url":"https:\/\/www.predictivesuccess.com\/fr\/","name":"Predictive Success","description":"","potentialAction":[{"@type":"SearchAction","target":{"@type":"EntryPoint","urlTemplate":"https:\/\/www.predictivesuccess.com\/fr\/?s={search_term_string}"},"query-input":{"@type":"PropertyValueSpecification","valueRequired":true,"valueName":"search_term_string"}}],"inLanguage":"fr-FR"}]}},"_links":{"self":[{"href":"https:\/\/www.predictivesuccess.com\/fr\/wp-json\/wp\/v2\/pages\/18448","targetHints":{"allow":["GET"]}}],"collection":[{"href":"https:\/\/www.predictivesuccess.com\/fr\/wp-json\/wp\/v2\/pages"}],"about":[{"href":"https:\/\/www.predictivesuccess.com\/fr\/wp-json\/wp\/v2\/types\/page"}],"author":[{"embeddable":true,"href":"https:\/\/www.predictivesuccess.com\/fr\/wp-json\/wp\/v2\/users\/2"}],"replies":[{"embeddable":true,"href":"https:\/\/www.predictivesuccess.com\/fr\/wp-json\/wp\/v2\/comments?post=18448"}],"version-history":[{"count":0,"href":"https:\/\/www.predictivesuccess.com\/fr\/wp-json\/wp\/v2\/pages\/18448\/revisions"}],"wp:attachment":[{"href":"https:\/\/www.predictivesuccess.com\/fr\/wp-json\/wp\/v2\/media?parent=18448"}],"curies":[{"name":"wp","href":"https:\/\/api.w.org\/{rel}","templated":true}]}}