{"id":44348,"date":"2023-08-27T16:34:01","date_gmt":"2023-08-27T20:34:01","guid":{"rendered":"https:\/\/www.predictivesuccess.com\/centre-de-ressources\/webinaires-et-evenements\/"},"modified":"2026-02-17T08:41:21","modified_gmt":"2026-02-17T13:41:21","slug":"webinaires-et-evenements","status":"publish","type":"page","link":"https:\/\/www.predictivesuccess.com\/fr\/centre-de-ressources\/webinaires-et-evenements\/","title":{"rendered":"Webinaires et ateliers"},"content":{"rendered":"<p><div class=\"fusion-fullwidth fullwidth-box fusion-builder-row-1 fusion-flex-container has-pattern-background has-mask-background nonhundred-percent-fullwidth non-hundred-percent-height-scrolling\" style=\"--awb-border-radius-top-left:0px;--awb-border-radius-top-right:0px;--awb-border-radius-bottom-right:0px;--awb-border-radius-bottom-left:0px;--awb-background-color:var(--awb-color2);--awb-flex-wrap:wrap;\" ><div class=\"fusion-builder-row fusion-row fusion-flex-align-items-flex-start fusion-flex-content-wrap\" style=\"max-width:1456px;margin-left: calc(-4% \/ 2 );margin-right: calc(-4% \/ 2 );\"><div class=\"fusion-layout-column fusion_builder_column fusion-builder-column-0 fusion_builder_column_1_1 1_1 fusion-flex-column\" style=\"--awb-bg-size:cover;--awb-width-large:100%;--awb-margin-top-large:0px;--awb-spacing-right-large:1.92%;--awb-margin-bottom-large:20px;--awb-spacing-left-large:1.92%;--awb-width-medium:100%;--awb-spacing-right-medium:1.92%;--awb-spacing-left-medium:1.92%;--awb-width-small:100%;--awb-spacing-right-small:1.92%;--awb-spacing-left-small:1.92%;\"><div class=\"fusion-column-wrapper fusion-column-has-shadow fusion-flex-justify-content-center fusion-content-layout-column\"><div class=\"fusion-separator fusion-full-width-sep\" style=\"align-self: center;margin-left: auto;margin-right: auto;margin-top:30px;width:100%;\"><\/div><div class=\"fusion-text fusion-text-1\" style=\"--awb-text-color:var(--awb-custom15);\"><h2>Rejoignez-nous pour des conversations exclusives dans notre s\u00e9rie de webinaires pour d\u00e9couvrir la science derri\u00e8re les \u00e9quipes, comment maximiser votre strat\u00e9gie de fid\u00e9lisation, comment embaucher avec certitude et bien plus encore.<\/h2>\n<p><i>&#8220;This 1-hour summary will be most valuable to engage me more in the tools. I have a greater appreciation for the depth of the content provided.&#8221; <\/i><\/p>\n<p><i> &#8211; Velvet Clarke, Charm Diamond Centres (Webinar Attendee)<\/i><\/p>\n<\/div><div class=\"fusion-separator fusion-full-width-sep\" style=\"align-self: center;margin-left: auto;margin-right: auto;margin-top:30px;width:100%;\"><\/div><\/div><\/div><\/div><\/div><div class=\"fusion-fullwidth fullwidth-box fusion-builder-row-2 fusion-flex-container nonhundred-percent-fullwidth non-hundred-percent-height-scrolling\" style=\"--awb-border-radius-top-left:0px;--awb-border-radius-top-right:0px;--awb-border-radius-bottom-right:0px;--awb-border-radius-bottom-left:0px;--awb-flex-wrap:wrap;\" ><div class=\"fusion-builder-row fusion-row fusion-flex-align-items-flex-start fusion-flex-content-wrap\" style=\"max-width:1456px;margin-left: calc(-4% \/ 2 );margin-right: calc(-4% \/ 2 );\"><div class=\"fusion-layout-column fusion_builder_column fusion-builder-column-1 fusion_builder_column_1_1 1_1 fusion-flex-column\" style=\"--awb-bg-size:cover;--awb-width-large:100%;--awb-margin-top-large:30px;--awb-spacing-right-large:1.92%;--awb-margin-bottom-large:30px;--awb-spacing-left-large:1.92%;--awb-width-medium:100%;--awb-order-medium:0;--awb-spacing-right-medium:1.92%;--awb-spacing-left-medium:1.92%;--awb-width-small:100%;--awb-order-small:0;--awb-spacing-right-small:1.92%;--awb-spacing-left-small:1.92%;\"><div class=\"fusion-column-wrapper fusion-column-has-shadow fusion-flex-justify-content-flex-start fusion-content-layout-column\"><div class=\"fusion-separator fusion-full-width-sep\" style=\"align-self: center;margin-left: auto;margin-right: auto;width:100%;\"><\/div><\/div><\/div><\/div><\/div><div class=\"fusion-fullwidth fullwidth-box fusion-builder-row-3 fusion-flex-container nonhundred-percent-fullwidth non-hundred-percent-height-scrolling\" style=\"--awb-border-radius-top-left:0px;--awb-border-radius-top-right:0px;--awb-border-radius-bottom-right:0px;--awb-border-radius-bottom-left:0px;--awb-flex-wrap:wrap;\" ><div class=\"fusion-builder-row fusion-row fusion-flex-align-items-flex-start fusion-flex-content-wrap\" style=\"max-width:1456px;margin-left: calc(-4% \/ 2 );margin-right: calc(-4% \/ 2 );\"><div class=\"fusion-layout-column fusion_builder_column fusion-builder-column-2 fusion_builder_column_1_2 1_2 fusion-flex-column\" style=\"--awb-bg-size:cover;--awb-width-large:50%;--awb-margin-top-large:0px;--awb-spacing-right-large:3.84%;--awb-margin-bottom-large:20px;--awb-spacing-left-large:3.84%;--awb-width-medium:100%;--awb-order-medium:0;--awb-spacing-right-medium:1.92%;--awb-spacing-left-medium:1.92%;--awb-width-small:100%;--awb-order-small:0;--awb-spacing-right-small:1.92%;--awb-spacing-left-small:1.92%;\"><div class=\"fusion-column-wrapper fusion-column-has-shadow fusion-flex-justify-content-flex-start fusion-content-layout-column\"><div class=\"fusion-title title fusion-title-1 fusion-sep-none fusion-title-text fusion-title-size-two\" style=\"--awb-margin-top-small:0px;--awb-margin-right-small:0px;--awb-margin-bottom-small:20px;--awb-margin-left-small:0px;\"><h2 class=\"fusion-title-heading title-heading-left fusion-responsive-typography-calculated\" style=\"font-family:&quot;Heebo&quot;;font-style:normal;font-weight:700;margin:0;--fontSize:28;line-height:1.5;\">Atelier \u00ab \u00catre sur son X \u00bb<\/h2><\/div><div class=\"fusion-image-element \" style=\"--awb-caption-title-font-family:var(--h2_typography-font-family);--awb-caption-title-font-weight:var(--h2_typography-font-weight);--awb-caption-title-font-style:var(--h2_typography-font-style);--awb-caption-title-size:var(--h2_typography-font-size);--awb-caption-title-transform:var(--h2_typography-text-transform);--awb-caption-title-line-height:var(--h2_typography-line-height);--awb-caption-title-letter-spacing:var(--h2_typography-letter-spacing);\"><span class=\" fusion-imageframe imageframe-none imageframe-1 hover-type-none\"><img decoding=\"async\" width=\"1716\" height=\"1037\" title=\"Capture\" src=\"https:\/\/www.predictivesuccess.com\/wp-content\/uploads\/2026\/02\/Capture.jpg\" alt class=\"img-responsive wp-image-47185\" srcset=\"https:\/\/www.predictivesuccess.com\/wp-content\/uploads\/2026\/02\/Capture-200x121.jpg 200w, https:\/\/www.predictivesuccess.com\/wp-content\/uploads\/2026\/02\/Capture-400x242.jpg 400w, https:\/\/www.predictivesuccess.com\/wp-content\/uploads\/2026\/02\/Capture-600x363.jpg 600w, https:\/\/www.predictivesuccess.com\/wp-content\/uploads\/2026\/02\/Capture-800x483.jpg 800w, https:\/\/www.predictivesuccess.com\/wp-content\/uploads\/2026\/02\/Capture-1200x725.jpg 1200w, https:\/\/www.predictivesuccess.com\/wp-content\/uploads\/2026\/02\/Capture.jpg 1716w\" sizes=\"(max-width: 1024px) 100vw, (max-width: 640px) 100vw, 800px\" \/><\/span><\/div><div style=\"text-align:center;\"><a class=\"fusion-button button-flat button-xlarge button-custom fusion-button-default button-1 fusion-button-default-span fusion-button-default-type fusion-has-button-gradient\" style=\"--button_bevel_color:#03a9f4;--button_accent_color:#ffffff;--button_accent_hover_color:#ffffff;--button_border_hover_color:var(--awb-color1);--button_border_width-top:1px;--button_border_width-right:1px;--button_border_width-bottom:1px;--button_border_width-left:1px;--button-border-radius-top-left:10px;--button-border-radius-top-right:10px;--button-border-radius-bottom-right:10px;--button-border-radius-bottom-left:10px;--button_gradient_top_color:#ff0000;--button_gradient_bottom_color:#ff0000;--button_gradient_top_color_hover:#ff0000;--button_gradient_bottom_color_hover:#fc0000;--button_margin-top:20px;--button_margin-bottom:20px;\" target=\"_blank\" rel=\"noopener noreferrer\" href=\"file:\/\/\/C:\/Users\/dsaumuretoupin\/Predictive%20Success\/Predictive%20Success%20-%20Documents\/2024%20Shared%20Services\/Daphn%C3%A9%20Toupin\/Marketing\/R%C3%A9sum%C3%A9%20-%20Conf%C3%A9rence%20EntreChefs.pdf\"><span class=\"fusion-button-text awb-button__text awb-button__text--default\">Lisez un r\u00e9sum\u00e9 de commentaires de l&#8217;atelier !<\/span><\/a><\/div><\/div><\/div><div class=\"fusion-layout-column fusion_builder_column fusion-builder-column-3 fusion_builder_column_1_2 1_2 fusion-flex-column\" style=\"--awb-bg-size:cover;--awb-width-large:50%;--awb-margin-top-large:0px;--awb-spacing-right-large:3.84%;--awb-margin-bottom-large:20px;--awb-spacing-left-large:3.84%;--awb-width-medium:100%;--awb-order-medium:0;--awb-spacing-right-medium:1.92%;--awb-spacing-left-medium:1.92%;--awb-width-small:100%;--awb-order-small:0;--awb-spacing-right-small:1.92%;--awb-spacing-left-small:1.92%;\"><div class=\"fusion-column-wrapper fusion-column-has-shadow fusion-flex-justify-content-flex-start fusion-content-layout-column\"><div class=\"fusion-title title fusion-title-2 fusion-sep-none fusion-title-text fusion-title-size-two\" style=\"--awb-margin-top-small:0px;--awb-margin-right-small:0px;--awb-margin-bottom-small:20px;--awb-margin-left-small:0px;\"><h2 class=\"fusion-title-heading title-heading-left fusion-responsive-typography-calculated\" style=\"font-family:&quot;Heebo&quot;;font-style:normal;font-weight:700;margin:0;--fontSize:28;line-height:1.5;\">novembre 2023<\/h2><\/div><div class=\"fusion-image-element \" style=\"--awb-caption-title-font-family:var(--h2_typography-font-family);--awb-caption-title-font-weight:var(--h2_typography-font-weight);--awb-caption-title-font-style:var(--h2_typography-font-style);--awb-caption-title-size:var(--h2_typography-font-size);--awb-caption-title-transform:var(--h2_typography-text-transform);--awb-caption-title-line-height:var(--h2_typography-line-height);--awb-caption-title-letter-spacing:var(--h2_typography-letter-spacing);\"><span class=\" fusion-imageframe imageframe-none imageframe-2 hover-type-none\"><img decoding=\"async\" width=\"1024\" height=\"731\" title=\"2023-Webinar-Cards-Website\" src=\"https:\/\/www.predictivesuccess.com\/wp-content\/uploads\/2023\/09\/2023-Webinar-Cards-Website-1024x731.png\" alt class=\"img-responsive wp-image-44607\" srcset=\"https:\/\/www.predictivesuccess.com\/wp-content\/uploads\/2023\/09\/2023-Webinar-Cards-Website-200x143.png 200w, https:\/\/www.predictivesuccess.com\/wp-content\/uploads\/2023\/09\/2023-Webinar-Cards-Website-400x286.png 400w, https:\/\/www.predictivesuccess.com\/wp-content\/uploads\/2023\/09\/2023-Webinar-Cards-Website-600x428.png 600w, https:\/\/www.predictivesuccess.com\/wp-content\/uploads\/2023\/09\/2023-Webinar-Cards-Website-800x571.png 800w, https:\/\/www.predictivesuccess.com\/wp-content\/uploads\/2023\/09\/2023-Webinar-Cards-Website-1200x857.png 1200w\" sizes=\"(max-width: 1024px) 100vw, (max-width: 640px) 100vw, 800px\" \/><\/span><\/div><div style=\"text-align:center;\"><a class=\"fusion-button button-flat button-xlarge button-custom fusion-button-default button-2 fusion-button-default-span fusion-button-default-type fusion-has-button-gradient\" style=\"--button_bevel_color:#03a9f4;--button_accent_color:#ffffff;--button_accent_hover_color:#ffffff;--button_border_hover_color:var(--awb-color1);--button_border_width-top:1px;--button_border_width-right:1px;--button_border_width-bottom:1px;--button_border_width-left:1px;--button-border-radius-top-left:10px;--button-border-radius-top-right:10px;--button-border-radius-bottom-right:10px;--button-border-radius-bottom-left:10px;--button_gradient_top_color:#ff0000;--button_gradient_bottom_color:#ff0000;--button_gradient_top_color_hover:#ff0000;--button_gradient_bottom_color_hover:#fc0000;--button_margin-top:20px;--button_margin-bottom:20px;\" target=\"_blank\" rel=\"noopener noreferrer\" href=\"https:\/\/www.eventbrite.ca\/e\/699861975007?aff=oddtdtcreator\"><span class=\"fusion-button-text awb-button__text awb-button__text--default\">Procurez-vous des billets<\/span><\/a><\/div><\/div><\/div><\/div><\/div><div class=\"fusion-fullwidth fullwidth-box fusion-builder-row-4 fusion-flex-container has-pattern-background has-mask-background nonhundred-percent-fullwidth non-hundred-percent-height-scrolling\" style=\"--awb-border-radius-top-left:0px;--awb-border-radius-top-right:0px;--awb-border-radius-bottom-right:0px;--awb-border-radius-bottom-left:0px;--awb-flex-wrap:wrap;\" ><div class=\"fusion-builder-row fusion-row fusion-flex-align-items-flex-start fusion-flex-content-wrap\" style=\"max-width:1456px;margin-left: calc(-4% \/ 2 );margin-right: calc(-4% \/ 2 );\"><div class=\"fusion-layout-column fusion_builder_column fusion-builder-column-4 fusion_builder_column_1_1 1_1 fusion-flex-column\" style=\"--awb-bg-size:cover;--awb-width-large:100%;--awb-margin-top-large:0px;--awb-spacing-right-large:1.92%;--awb-margin-bottom-large:20px;--awb-spacing-left-large:1.92%;--awb-width-medium:100%;--awb-order-medium:0;--awb-spacing-right-medium:1.92%;--awb-spacing-left-medium:1.92%;--awb-width-small:100%;--awb-order-small:0;--awb-spacing-right-small:1.92%;--awb-spacing-left-small:1.92%;\"><div class=\"fusion-column-wrapper fusion-column-has-shadow fusion-flex-justify-content-flex-start fusion-content-layout-column\"><div class=\"fusion-text fusion-text-2\"><h3 style=\"text-align: center;\"><i>Revenez r\u00e9guli\u00e8rement pour de nouveaux \u00e9v\u00e9nements !<\/i><\/h3>\n<\/div><\/div><\/div><\/div><\/div><div class=\"fusion-fullwidth fullwidth-box fusion-builder-row-5 fusion-flex-container has-pattern-background has-mask-background nonhundred-percent-fullwidth non-hundred-percent-height-scrolling\" style=\"--awb-border-sizes-top:2px;--awb-border-color:#eeeeee;--awb-border-radius-top-left:0px;--awb-border-radius-top-right:0px;--awb-border-radius-bottom-right:0px;--awb-border-radius-bottom-left:0px;--awb-background-color:var(--awb-color1);--awb-background-image:linear-gradient(180deg, #f1f1f1 0%,var(--awb-color1) 30%);--awb-flex-wrap:wrap;\" ><div class=\"fusion-builder-row fusion-row fusion-flex-align-items-flex-start fusion-flex-justify-content-center fusion-flex-content-wrap\" style=\"max-width:1456px;margin-left: calc(-4% \/ 2 );margin-right: calc(-4% \/ 2 );\"><div class=\"fusion-layout-column fusion_builder_column fusion-builder-column-5 fusion_builder_column_1_1 1_1 fusion-flex-column\" style=\"--awb-bg-size:cover;--awb-width-large:100%;--awb-margin-top-large:0px;--awb-spacing-right-large:1.92%;--awb-margin-bottom-large:0px;--awb-spacing-left-large:1.92%;--awb-width-medium:100%;--awb-order-medium:0;--awb-spacing-right-medium:1.92%;--awb-spacing-left-medium:1.92%;--awb-width-small:100%;--awb-order-small:0;--awb-spacing-right-small:1.92%;--awb-spacing-left-small:1.92%;\"><div class=\"fusion-column-wrapper fusion-column-has-shadow fusion-flex-justify-content-center fusion-content-layout-row fusion-flex-align-items-center\"><div class=\"fusion-image-element \" style=\"--awb-max-width:200px;--awb-caption-title-font-family:var(--h2_typography-font-family);--awb-caption-title-font-weight:var(--h2_typography-font-weight);--awb-caption-title-font-style:var(--h2_typography-font-style);--awb-caption-title-size:var(--h2_typography-font-size);--awb-caption-title-transform:var(--h2_typography-text-transform);--awb-caption-title-line-height:var(--h2_typography-line-height);--awb-caption-title-letter-spacing:var(--h2_typography-letter-spacing);\"><span class=\" fusion-imageframe imageframe-none imageframe-3 hover-type-none\"><img decoding=\"async\" width=\"400\" height=\"143\" title=\"pdlt_pi-certified-elite-partner\" src=\"https:\/\/www.predictivesuccess.com\/wp-content\/uploads\/2023\/08\/pdlt_pi-certified-elite-partner_fr.png\" alt class=\"img-responsive wp-image-44501\" srcset=\"https:\/\/www.predictivesuccess.com\/wp-content\/uploads\/2023\/08\/pdlt_pi-certified-elite-partner_fr-200x72.png 200w, https:\/\/www.predictivesuccess.com\/wp-content\/uploads\/2023\/08\/pdlt_pi-certified-elite-partner_fr.png 400w\" sizes=\"(max-width: 1024px) 100vw, (max-width: 640px) 100vw, 400px\" \/><\/span><\/div><div class=\"fusion-text fusion-text-3 fusion-text-no-margin\" style=\"--awb-font-size:0.9rem;--awb-line-height:1.2;--awb-text-color:#888888;--awb-margin-bottom:0px;--awb-text-font-family:&quot;Heebo&quot;;--awb-text-font-style:normal;--awb-text-font-weight:400;\"><p>Pr\u00e9vision Succ\u00e8s est un partenaire \u00e9lite certifi\u00e9 de The Predictive Index<sup>\u00ae<\/sup><br \/>\nPredictive Index<sup>\u00ae<\/sup> est une marque d\u00e9pos\u00e9e de Predictive Index LLC et est utilis\u00e9e ici avec autorisation.<\/p>\n<\/div><\/div><\/div><\/div><\/div>\n<\/p>\n","protected":false},"excerpt":{"rendered":"","protected":false},"author":39,"featured_media":44349,"parent":44340,"menu_order":0,"comment_status":"closed","ping_status":"closed","template":"100-width.php","meta":{"_acf_changed":false,"protect_children":false,"footnotes":""},"class_list":["post-44348","page","type-page","status-publish","has-post-thumbnail","hentry"],"acf":[],"yoast_head":"<!-- This site is optimized with the Yoast SEO plugin v27.2 - https:\/\/yoast.com\/product\/yoast-seo-wordpress\/ -->\n<title>Webinaires et ateliers - Predictive Success<\/title>\n<meta name=\"robots\" content=\"index, follow, max-snippet:-1, max-image-preview:large, max-video-preview:-1\" \/>\n<link rel=\"canonical\" href=\"https:\/\/www.predictivesuccess.com\/fr\/centre-de-ressources\/webinaires-et-evenements\/\" \/>\n<meta property=\"og:locale\" content=\"fr_FR\" \/>\n<meta property=\"og:type\" content=\"article\" \/>\n<meta property=\"og:title\" content=\"Webinaires et ateliers - Predictive Success\" \/>\n<meta property=\"og:url\" content=\"https:\/\/www.predictivesuccess.com\/fr\/centre-de-ressources\/webinaires-et-evenements\/\" \/>\n<meta property=\"og:site_name\" content=\"Predictive Success\" \/>\n<meta property=\"article:modified_time\" content=\"2026-02-17T13:41:21+00:00\" \/>\n<meta property=\"og:image\" content=\"https:\/\/www.predictivesuccess.com\/wp-content\/uploads\/2020\/04\/ExecutiveMeeting.jpg\" \/>\n\t<meta property=\"og:image:width\" content=\"1800\" \/>\n\t<meta property=\"og:image:height\" content=\"1200\" \/>\n\t<meta property=\"og:image:type\" content=\"image\/jpeg\" \/>\n<meta name=\"twitter:card\" content=\"summary_large_image\" \/>\n<meta name=\"twitter:site\" content=\"@PredictSuccess\" \/>\n<meta name=\"twitter:label1\" content=\"Dur\u00e9e de lecture estim\u00e9e\" \/>\n\t<meta name=\"twitter:data1\" content=\"2 minutes\" \/>\n<!-- \/ Yoast SEO plugin. -->","yoast_head_json":{"title":"Webinaires et ateliers - Predictive Success","robots":{"index":"index","follow":"follow","max-snippet":"max-snippet:-1","max-image-preview":"max-image-preview:large","max-video-preview":"max-video-preview:-1"},"canonical":"https:\/\/www.predictivesuccess.com\/fr\/centre-de-ressources\/webinaires-et-evenements\/","og_locale":"fr_FR","og_type":"article","og_title":"Webinaires et ateliers - Predictive Success","og_url":"https:\/\/www.predictivesuccess.com\/fr\/centre-de-ressources\/webinaires-et-evenements\/","og_site_name":"Predictive Success","article_modified_time":"2026-02-17T13:41:21+00:00","og_image":[{"width":1800,"height":1200,"url":"https:\/\/www.predictivesuccess.com\/wp-content\/uploads\/2020\/04\/ExecutiveMeeting.jpg","type":"image\/jpeg"}],"twitter_card":"summary_large_image","twitter_site":"@PredictSuccess","twitter_misc":{"Dur\u00e9e de lecture estim\u00e9e":"2 minutes"},"schema":{"@context":"https:\/\/schema.org","@graph":[{"@type":"WebPage","@id":"https:\/\/www.predictivesuccess.com\/fr\/centre-de-ressources\/webinaires-et-evenements\/","url":"https:\/\/www.predictivesuccess.com\/fr\/centre-de-ressources\/webinaires-et-evenements\/","name":"Webinaires et ateliers - Predictive Success","isPartOf":{"@id":"https:\/\/www.predictivesuccess.com\/fr\/#website"},"primaryImageOfPage":{"@id":"https:\/\/www.predictivesuccess.com\/fr\/centre-de-ressources\/webinaires-et-evenements\/#primaryimage"},"image":{"@id":"https:\/\/www.predictivesuccess.com\/fr\/centre-de-ressources\/webinaires-et-evenements\/#primaryimage"},"thumbnailUrl":"https:\/\/www.predictivesuccess.com\/wp-content\/uploads\/2020\/04\/ExecutiveMeeting.jpg","datePublished":"2023-08-27T20:34:01+00:00","dateModified":"2026-02-17T13:41:21+00:00","breadcrumb":{"@id":"https:\/\/www.predictivesuccess.com\/fr\/centre-de-ressources\/webinaires-et-evenements\/#breadcrumb"},"inLanguage":"fr-FR","potentialAction":[{"@type":"ReadAction","target":["https:\/\/www.predictivesuccess.com\/fr\/centre-de-ressources\/webinaires-et-evenements\/"]}]},{"@type":"ImageObject","inLanguage":"fr-FR","@id":"https:\/\/www.predictivesuccess.com\/fr\/centre-de-ressources\/webinaires-et-evenements\/#primaryimage","url":"https:\/\/www.predictivesuccess.com\/wp-content\/uploads\/2020\/04\/ExecutiveMeeting.jpg","contentUrl":"https:\/\/www.predictivesuccess.com\/wp-content\/uploads\/2020\/04\/ExecutiveMeeting.jpg","width":1800,"height":1200},{"@type":"BreadcrumbList","@id":"https:\/\/www.predictivesuccess.com\/fr\/centre-de-ressources\/webinaires-et-evenements\/#breadcrumb","itemListElement":[{"@type":"ListItem","position":1,"name":"Accueil","item":"https:\/\/www.predictivesuccess.com\/fr\/"},{"@type":"ListItem","position":2,"name":"Centre de ressources","item":"https:\/\/www.predictivesuccess.com\/fr\/centre-de-ressources\/"},{"@type":"ListItem","position":3,"name":"Webinaires et ateliers"}]},{"@type":"WebSite","@id":"https:\/\/www.predictivesuccess.com\/fr\/#website","url":"https:\/\/www.predictivesuccess.com\/fr\/","name":"Predictive Success","description":"","potentialAction":[{"@type":"SearchAction","target":{"@type":"EntryPoint","urlTemplate":"https:\/\/www.predictivesuccess.com\/fr\/?s={search_term_string}"},"query-input":{"@type":"PropertyValueSpecification","valueRequired":true,"valueName":"search_term_string"}}],"inLanguage":"fr-FR"}]}},"_links":{"self":[{"href":"https:\/\/www.predictivesuccess.com\/fr\/wp-json\/wp\/v2\/pages\/44348","targetHints":{"allow":["GET"]}}],"collection":[{"href":"https:\/\/www.predictivesuccess.com\/fr\/wp-json\/wp\/v2\/pages"}],"about":[{"href":"https:\/\/www.predictivesuccess.com\/fr\/wp-json\/wp\/v2\/types\/page"}],"author":[{"embeddable":true,"href":"https:\/\/www.predictivesuccess.com\/fr\/wp-json\/wp\/v2\/users\/39"}],"replies":[{"embeddable":true,"href":"https:\/\/www.predictivesuccess.com\/fr\/wp-json\/wp\/v2\/comments?post=44348"}],"version-history":[{"count":10,"href":"https:\/\/www.predictivesuccess.com\/fr\/wp-json\/wp\/v2\/pages\/44348\/revisions"}],"predecessor-version":[{"id":47188,"href":"https:\/\/www.predictivesuccess.com\/fr\/wp-json\/wp\/v2\/pages\/44348\/revisions\/47188"}],"up":[{"embeddable":true,"href":"https:\/\/www.predictivesuccess.com\/fr\/wp-json\/wp\/v2\/pages\/44340"}],"wp:featuredmedia":[{"embeddable":true,"href":"https:\/\/www.predictivesuccess.com\/fr\/wp-json\/wp\/v2\/media\/44349"}],"wp:attachment":[{"href":"https:\/\/www.predictivesuccess.com\/fr\/wp-json\/wp\/v2\/media?parent=44348"}],"curies":[{"name":"wp","href":"https:\/\/api.w.org\/{rel}","templated":true}]}}