{"id":44353,"date":"2023-08-27T17:00:25","date_gmt":"2023-08-27T21:00:25","guid":{"rendered":"https:\/\/www.predictivesuccess.com\/centre-de-ressources\/temoignages-video\/"},"modified":"2023-08-27T17:00:25","modified_gmt":"2023-08-27T21:00:25","slug":"temoignages-video","status":"publish","type":"page","link":"https:\/\/www.predictivesuccess.com\/fr\/centre-de-ressources\/temoignages-video\/","title":{"rendered":"T\u00e9moignages vid\u00e9o"},"content":{"rendered":"<p><div class=\"fusion-fullwidth fullwidth-box fusion-builder-row-1 fusion-flex-container nonhundred-percent-fullwidth non-hundred-percent-height-scrolling\" style=\"--awb-border-sizes-top:0px;--awb-border-sizes-bottom:0px;--awb-border-sizes-left:0px;--awb-border-sizes-right:0px;--awb-border-color:rgba(234,233,233,0);--awb-border-radius-top-left:0px;--awb-border-radius-top-right:0px;--awb-border-radius-bottom-right:0px;--awb-border-radius-bottom-left:0px;--awb-padding-top:0px;--awb-padding-bottom:0px;--awb-margin-top:0px;--awb-margin-bottom:60px;--awb-flex-wrap:wrap;\" ><div class=\"fusion-builder-row fusion-row fusion-flex-align-items-stretch fusion-flex-content-wrap\" style=\"max-width:1456px;margin-left: calc(-4% \/ 2 );margin-right: calc(-4% \/ 2 );\"><div class=\"fusion-layout-column fusion_builder_column fusion-builder-column-0 fusion_builder_column_1_2 1_2 fusion-flex-column\" style=\"--awb-bg-size:cover;--awb-width-large:50%;--awb-margin-top-large:0px;--awb-spacing-right-large:3.84%;--awb-margin-bottom-large:20px;--awb-spacing-left-large:3.84%;--awb-width-medium:100%;--awb-spacing-right-medium:1.92%;--awb-spacing-left-medium:1.92%;--awb-width-small:100%;--awb-spacing-right-small:1.92%;--awb-spacing-left-small:1.92%;\"><div class=\"fusion-column-wrapper fusion-flex-justify-content-flex-start fusion-content-layout-column\"><div class=\"fusion-video fusion-youtube\" style=\"--awb-max-width:1280px;--awb-max-height:720px;\"><div class=\"video-shortcode\"><lite-youtube videoid=\"eomT4piduH8\" class=\"landscape\" params=\"wmode=transparent&autoplay=1&amp;enablejsapi=1\" title=\"YouTube video player 1\" data-button-label=\"Play Video\" width=\"1280\" height=\"720\" data-thumbnail-size=\"auto\" data-no-cookie=\"on\"><\/lite-youtube><\/div><\/div><div class=\"fusion-text fusion-text-1\" style=\"--awb-margin-top:20px;\"><h4 class=\"title-heading-left\">Shirley Knight<\/h4>\n<h5>President, Independent Consultant, Shirley Knight and Associates<\/h5>\n<p>Watch to learn how Shirley Knight, President and Founder of Shirley Knight and Associates uses the Predictive Index Behavioural Assessment\u2122 from Certified Partner Predictive Success to help clients understand their work style better and build better teams.<\/p>\n<\/div><\/div><\/div><div class=\"fusion-layout-column fusion_builder_column fusion-builder-column-1 fusion_builder_column_1_2 1_2 fusion-flex-column\" style=\"--awb-bg-size:cover;--awb-width-large:50%;--awb-margin-top-large:0px;--awb-spacing-right-large:3.84%;--awb-margin-bottom-large:20px;--awb-spacing-left-large:3.84%;--awb-width-medium:100%;--awb-spacing-right-medium:1.92%;--awb-spacing-left-medium:1.92%;--awb-width-small:100%;--awb-spacing-right-small:1.92%;--awb-spacing-left-small:1.92%;\"><div class=\"fusion-column-wrapper fusion-flex-justify-content-flex-start fusion-content-layout-column\"><div class=\"fusion-video fusion-youtube\" style=\"--awb-max-width:1280px;--awb-max-height:720px;\"><div class=\"video-shortcode\"><lite-youtube videoid=\"2r4Xb_0EvMI\" class=\"landscape\" params=\"wmode=transparent&autoplay=1&amp;enablejsapi=1\" title=\"YouTube video player 2\" data-button-label=\"Play Video\" width=\"1280\" height=\"720\" data-thumbnail-size=\"auto\" data-no-cookie=\"on\"><\/lite-youtube><\/div><\/div><div class=\"fusion-text fusion-text-2\" style=\"--awb-margin-top:20px;\"><h4 class=\"title-heading-left\">Todd Finlayson<\/h4>\n<h5>Owner\/Operator, Finlayson Hospitality Partners Inc.<\/h5>\n<p>Using the Predictive Index Behavioural Assessment\u2122 delivered by Certified Partner, Predictive Success, Finlayson Hospitality Partners were able to hire the right candidate and motivate employees. Their clients achieved 17-30% better employee performance and productivity compared to their competitors.<\/p>\n<\/div><\/div><\/div><div class=\"fusion-layout-column fusion_builder_column fusion-builder-column-2 fusion_builder_column_1_2 1_2 fusion-flex-column\" style=\"--awb-bg-size:cover;--awb-width-large:50%;--awb-margin-top-large:0px;--awb-spacing-right-large:3.84%;--awb-margin-bottom-large:20px;--awb-spacing-left-large:3.84%;--awb-width-medium:100%;--awb-spacing-right-medium:1.92%;--awb-spacing-left-medium:1.92%;--awb-width-small:100%;--awb-spacing-right-small:1.92%;--awb-spacing-left-small:1.92%;\"><div class=\"fusion-column-wrapper fusion-flex-justify-content-flex-start fusion-content-layout-column\"><div class=\"fusion-video fusion-youtube\" style=\"--awb-max-width:1280px;--awb-max-height:720px;\"><div class=\"video-shortcode\"><lite-youtube videoid=\"UTyjr6aVhkI\" class=\"landscape\" params=\"wmode=transparent&autoplay=1&amp;enablejsapi=1\" title=\"YouTube video player 3\" data-button-label=\"Play Video\" width=\"1280\" height=\"720\" data-thumbnail-size=\"auto\" data-no-cookie=\"on\"><\/lite-youtube><\/div><\/div><div class=\"fusion-text fusion-text-3\" style=\"--awb-margin-top:20px;\"><h4 class=\"title-heading-left\">Gil Scott<\/h4>\n<h5>President, Gil Scott Sports Management<\/h5>\n<p>Gil Scott, President of Gil Scott Sports Management shares how Predictive Success, certified partner of the Predictive Index\u00ae helped him establish a more sophisticated approach to hiring.<\/p>\n<\/div><\/div><\/div><div class=\"fusion-layout-column fusion_builder_column fusion-builder-column-3 fusion_builder_column_1_2 1_2 fusion-flex-column\" style=\"--awb-bg-size:cover;--awb-width-large:50%;--awb-margin-top-large:0px;--awb-spacing-right-large:3.84%;--awb-margin-bottom-large:20px;--awb-spacing-left-large:3.84%;--awb-width-medium:100%;--awb-spacing-right-medium:1.92%;--awb-spacing-left-medium:1.92%;--awb-width-small:100%;--awb-spacing-right-small:1.92%;--awb-spacing-left-small:1.92%;\"><div class=\"fusion-column-wrapper fusion-flex-justify-content-flex-start fusion-content-layout-column\"><div class=\"fusion-video fusion-youtube\" style=\"--awb-max-width:1280px;--awb-max-height:720px;\"><div class=\"video-shortcode\"><lite-youtube videoid=\"uFRdrb6Ldaw\" class=\"landscape\" params=\"wmode=transparent&autoplay=1&amp;enablejsapi=1\" title=\"YouTube video player 4\" data-button-label=\"Play Video\" width=\"1280\" height=\"720\" data-thumbnail-size=\"auto\" data-no-cookie=\"on\"><\/lite-youtube><\/div><\/div><div class=\"fusion-text fusion-text-4\" style=\"--awb-margin-top:20px;\"><h4 class=\"title-heading-left\">Peter Sweers<\/h4>\n<h5>SVP, GTA Banking and Global Wealth, CGI<\/h5>\n<p>Peter uses workforce analytics as a key tool to get the right people in the right seats. With the help of Predictive Success, Peter led the company to achieve a 30% growth rate.<\/p>\n<\/div><\/div><\/div><div class=\"fusion-layout-column fusion_builder_column fusion-builder-column-4 fusion_builder_column_1_2 1_2 fusion-flex-column\" style=\"--awb-bg-size:cover;--awb-width-large:50%;--awb-margin-top-large:0px;--awb-spacing-right-large:3.84%;--awb-margin-bottom-large:20px;--awb-spacing-left-large:3.84%;--awb-width-medium:100%;--awb-spacing-right-medium:1.92%;--awb-spacing-left-medium:1.92%;--awb-width-small:100%;--awb-spacing-right-small:1.92%;--awb-spacing-left-small:1.92%;\"><div class=\"fusion-column-wrapper fusion-flex-justify-content-flex-start fusion-content-layout-column\"><div class=\"fusion-video fusion-youtube\" style=\"--awb-max-width:1280px;--awb-max-height:720px;\"><div class=\"video-shortcode\"><lite-youtube videoid=\"gEuaNHvjB8s\" class=\"landscape\" params=\"wmode=transparent&autoplay=1&amp;enablejsapi=1\" title=\"YouTube video player 5\" data-button-label=\"Play Video\" width=\"1280\" height=\"720\" data-thumbnail-size=\"auto\" data-no-cookie=\"on\"><\/lite-youtube><\/div><\/div><div class=\"fusion-text fusion-text-5\" style=\"--awb-margin-top:20px;\"><h4>Michael Weening<\/h4>\n<h5>VP Business Wireless and Consumer Direct Sales, Bell Mobility<\/h5>\n<p>Michael Weening, VP Business Wireless and Consumer Direct Sales at Bell Mobility, integrated the Predictive Index Behavioural Assessment\u2122 by Certified Partner, Predictive Success into their culture by making it a core pillar. Following the mantra, \u201cpeople are the key to success\u201d, Bell has used The Predictive Index Behavioural Assessment\u2122 by Certified Partner, Predictive Success to structure individual development plans and improve employee engagement.<\/p>\n<\/div><\/div><\/div><div class=\"fusion-layout-column fusion_builder_column fusion-builder-column-5 fusion_builder_column_1_2 1_2 fusion-flex-column\" style=\"--awb-bg-size:cover;--awb-width-large:50%;--awb-margin-top-large:0px;--awb-spacing-right-large:3.84%;--awb-margin-bottom-large:20px;--awb-spacing-left-large:3.84%;--awb-width-medium:100%;--awb-spacing-right-medium:1.92%;--awb-spacing-left-medium:1.92%;--awb-width-small:100%;--awb-spacing-right-small:1.92%;--awb-spacing-left-small:1.92%;\"><div class=\"fusion-column-wrapper fusion-flex-justify-content-flex-start fusion-content-layout-column\"><div class=\"fusion-video fusion-youtube\" style=\"--awb-max-width:1280px;--awb-max-height:720px;\"><div class=\"video-shortcode\"><lite-youtube videoid=\"9G-fFIlUNOE\" class=\"landscape\" params=\"wmode=transparent&autoplay=1&amp;enablejsapi=1\" title=\"YouTube video player 6\" data-button-label=\"Play Video\" width=\"1280\" height=\"720\" data-thumbnail-size=\"auto\" data-no-cookie=\"on\"><\/lite-youtube><\/div><\/div><div class=\"fusion-text fusion-text-6\" style=\"--awb-margin-top:20px;\"><h4 class=\"title-heading-left\">Brent Winterton<\/h4>\n<h5>VP, Quality Assurance\/HR, Chudleigh&#8217;s<\/h5>\n<p>The Predictive Index Behavioural Assessment\u2122 from Certified Partner, Predictive Success has been a large part of Chudleigh\u2019s growth and success in putting the right teams together. They consistently use the Job Pattern Assessment and The Behavioural Assessment tool to maintain a turnover rate less than 2%.<\/p>\n<\/div><\/div><\/div><div class=\"fusion-layout-column fusion_builder_column fusion-builder-column-6 fusion_builder_column_1_2 1_2 fusion-flex-column\" style=\"--awb-bg-size:cover;--awb-width-large:50%;--awb-margin-top-large:0px;--awb-spacing-right-large:3.84%;--awb-margin-bottom-large:20px;--awb-spacing-left-large:3.84%;--awb-width-medium:100%;--awb-spacing-right-medium:1.92%;--awb-spacing-left-medium:1.92%;--awb-width-small:100%;--awb-spacing-right-small:1.92%;--awb-spacing-left-small:1.92%;\"><div class=\"fusion-column-wrapper fusion-flex-justify-content-flex-start fusion-content-layout-column\"><div class=\"fusion-video fusion-youtube\" style=\"--awb-max-width:1280px;--awb-max-height:720px;\"><div class=\"video-shortcode\"><lite-youtube videoid=\"l0l-RXZ-CTg\" class=\"landscape\" params=\"wmode=transparent&autoplay=1&amp;enablejsapi=1\" title=\"YouTube video player 7\" data-button-label=\"Play Video\" width=\"1280\" height=\"720\" data-thumbnail-size=\"auto\" data-no-cookie=\"on\"><\/lite-youtube><\/div><\/div><div class=\"fusion-text fusion-text-7\" style=\"--awb-margin-top:20px;\"><h4 class=\"title-heading-left\">Chris Rasmussen<\/h4>\n<h5>President, CEO, Doxim Inc.<\/h5>\n<p>The Predictive Index Behavioural Assessment\u2122 delivered by Certified Partner, Predictive Success has allowed Doxim to virtually eliminate mis-hires by helping them achieve a better understanding of the needs for each job. Predictive Success helped Doxim establish Job Patterns which they then used to identify the best fit candidates. This allowed Doxim to make decisions based on facts rather than opinions.<\/p>\n<\/div><\/div><\/div><\/div><\/div><div class=\"fusion-fullwidth fullwidth-box fusion-builder-row-2 fusion-flex-container has-pattern-background has-mask-background nonhundred-percent-fullwidth non-hundred-percent-height-scrolling\" style=\"--awb-border-sizes-top:0px;--awb-border-sizes-bottom:0px;--awb-border-sizes-left:0px;--awb-border-sizes-right:0px;--awb-border-color:rgba(234,233,233,0);--awb-border-radius-top-left:0px;--awb-border-radius-top-right:0px;--awb-border-radius-bottom-right:0px;--awb-border-radius-bottom-left:0px;--awb-padding-top:0px;--awb-padding-bottom:0px;--awb-margin-top:0px;--awb-margin-bottom:25px;--awb-flex-wrap:wrap;\" ><div class=\"fusion-builder-row fusion-row fusion-flex-align-items-stretch fusion-flex-content-wrap\" style=\"max-width:calc( 1400px + 20px );margin-left: calc(-20px \/ 2 );margin-right: calc(-20px \/ 2 );\"><div class=\"fusion-layout-column fusion_builder_column fusion-builder-column-7 fusion_builder_column_1_4 1_4 fusion-flex-column\" style=\"--awb-bg-size:cover;--awb-width-large:25%;--awb-margin-top-large:0px;--awb-spacing-right-large:10px;--awb-margin-bottom-large:20px;--awb-spacing-left-large:10px;--awb-width-medium:100%;--awb-spacing-right-medium:10px;--awb-spacing-left-medium:10px;--awb-width-small:100%;--awb-spacing-right-small:10px;--awb-spacing-left-small:10px;\"><div class=\"fusion-column-wrapper fusion-flex-justify-content-flex-start fusion-content-layout-column\"><div class=\"fusion-text fusion-text-8\"><p><script src=\"\/\/fast.wistia.com\/embed\/medias\/z0t1qy6oxs.jsonp\" async=\"\"><\/script><script src=\"\/\/fast.wistia.com\/assets\/external\/E-v1.js\" async=\"\"><\/script><\/p>\n<div class=\"wistia_responsive_padding\" style=\"padding: 56.25% 0 0 0; position: relative;\">\n<div class=\"wistia_responsive_wrapper\" style=\"height: 100%; left: 0; position: absolute; top: 0; width: 100%;\"><span class=\"wistia_embed wistia_async_z0t1qy6oxs popover=true popoverAnimateThumbnail=true videoFoam=true\" style=\"display: inline-block; height: 100%; width: 100%;\"> <\/span><\/div>\n<\/div>\n<\/div><div class=\"fusion-text fusion-text-9\" style=\"--awb-text-color:var(--awb-color4);--awb-margin-top:20px;\"><h4 class=\"title-heading-left\">Gentle Giant<\/h4>\n<\/div><\/div><\/div><div class=\"fusion-layout-column fusion_builder_column fusion-builder-column-8 fusion_builder_column_1_4 1_4 fusion-flex-column\" style=\"--awb-bg-size:cover;--awb-width-large:25%;--awb-margin-top-large:0px;--awb-spacing-right-large:10px;--awb-margin-bottom-large:20px;--awb-spacing-left-large:10px;--awb-width-medium:100%;--awb-spacing-right-medium:10px;--awb-spacing-left-medium:10px;--awb-width-small:100%;--awb-spacing-right-small:10px;--awb-spacing-left-small:10px;\"><div class=\"fusion-column-wrapper fusion-flex-justify-content-flex-start fusion-content-layout-column\"><div class=\"fusion-text fusion-text-10\"><p><script src=\"\/\/fast.wistia.com\/embed\/medias\/wu3qogm1d0.jsonp\" async=\"\"><\/script><script src=\"\/\/fast.wistia.com\/assets\/external\/E-v1.js\" async=\"\"><\/script><\/p>\n<div class=\"wistia_responsive_padding\" style=\"padding: 56.25% 0 0 0; position: relative;\">\n<div class=\"wistia_responsive_wrapper\" style=\"height: 100%; left: 0; position: absolute; top: 0; width: 100%;\"><span class=\"wistia_embed wistia_async_wu3qogm1d0 popover=true popoverAnimateThumbnail=true videoFoam=true\" style=\"display: inline-block; height: 100%; width: 100%;\"> <\/span><\/div>\n<\/div>\n<\/div><div class=\"fusion-text fusion-text-11\" style=\"--awb-text-color:var(--awb-color4);--awb-margin-top:20px;\"><h4 class=\"title-heading-left\">The Granite Group<\/h4>\n<\/div><\/div><\/div><div class=\"fusion-layout-column fusion_builder_column fusion-builder-column-9 fusion_builder_column_1_4 1_4 fusion-flex-column\" style=\"--awb-bg-size:cover;--awb-width-large:25%;--awb-margin-top-large:0px;--awb-spacing-right-large:10px;--awb-margin-bottom-large:20px;--awb-spacing-left-large:10px;--awb-width-medium:100%;--awb-spacing-right-medium:10px;--awb-spacing-left-medium:10px;--awb-width-small:100%;--awb-spacing-right-small:10px;--awb-spacing-left-small:10px;\"><div class=\"fusion-column-wrapper fusion-flex-justify-content-flex-start fusion-content-layout-column\"><div class=\"fusion-text fusion-text-12\"><p><script src=\"\/\/fast.wistia.com\/embed\/medias\/y7looctjkx.jsonp\" async=\"\"><\/script><script src=\"\/\/fast.wistia.com\/assets\/external\/E-v1.js\" async=\"\"><\/script><\/p>\n<div class=\"wistia_responsive_padding\" style=\"padding: 56.25% 0 0 0; position: relative;\">\n<div class=\"wistia_responsive_wrapper\" style=\"height: 100%; left: 0; position: absolute; top: 0; width: 100%;\"><span class=\"wistia_embed wistia_async_y7looctjkx popover=true popoverAnimateThumbnail=true videoFoam=true\" style=\"display: inline-block; height: 100%; width: 100%;\"> <\/span><\/div>\n<\/div>\n<\/div><div class=\"fusion-text fusion-text-13\" style=\"--awb-text-color:var(--awb-color4);--awb-margin-top:20px;\"><h4 class=\"title-heading-left\">Exam Soft<\/h4>\n<p>Their workplace fosters innovation, fun and a tech-startup vibe that has helped them win awards for best places to work across both of their offices.<\/p>\n<\/div><\/div><\/div><div class=\"fusion-layout-column fusion_builder_column fusion-builder-column-10 fusion_builder_column_1_4 1_4 fusion-flex-column\" style=\"--awb-bg-size:cover;--awb-width-large:25%;--awb-margin-top-large:0px;--awb-spacing-right-large:10px;--awb-margin-bottom-large:20px;--awb-spacing-left-large:10px;--awb-width-medium:100%;--awb-spacing-right-medium:10px;--awb-spacing-left-medium:10px;--awb-width-small:100%;--awb-spacing-right-small:10px;--awb-spacing-left-small:10px;\"><div class=\"fusion-column-wrapper fusion-flex-justify-content-flex-start fusion-content-layout-column\"><div class=\"fusion-text fusion-text-14\"><p><script src=\"\/\/fast.wistia.com\/embed\/medias\/fa5r1c1fs4.jsonp\" async=\"\"><\/script><script src=\"\/\/fast.wistia.com\/assets\/external\/E-v1.js\" async=\"\"><\/script><\/p>\n<div class=\"wistia_responsive_padding\" style=\"padding: 56.25% 0 0 0; position: relative;\">\n<div class=\"wistia_responsive_wrapper\" style=\"height: 100%; left: 0; position: absolute; top: 0; width: 100%;\"><span class=\"wistia_embed wistia_async_fa5r1c1fs4 popover=true popoverAnimateThumbnail=true videoFoam=true\" style=\"display: inline-block; height: 100%; width: 100%;\"> <\/span><\/div>\n<\/div>\n<\/div><div class=\"fusion-text fusion-text-15\" style=\"--awb-text-color:var(--awb-color4);--awb-margin-top:20px;\"><h4 class=\"title-heading-left\">Quantum Health<\/h4>\n<p>See how Quantum Health uses PI to create an amazing work environment.<\/p>\n<p>The healthcare technology company has used PI to transform the way they see their people. Their employees have a lot to say about PI and it&#8217;s success around their organization, which has since won Best Places to Work.<\/p>\n<\/div><\/div><\/div><\/div><\/div><div class=\"fusion-fullwidth fullwidth-box fusion-builder-row-3 fusion-flex-container has-pattern-background has-mask-background nonhundred-percent-fullwidth non-hundred-percent-height-scrolling\" style=\"--awb-border-sizes-top:2px;--awb-border-color:#eeeeee;--awb-border-radius-top-left:0px;--awb-border-radius-top-right:0px;--awb-border-radius-bottom-right:0px;--awb-border-radius-bottom-left:0px;--awb-background-color:var(--awb-color1);--awb-background-image:linear-gradient(180deg, #f1f1f1 0%,var(--awb-color1) 30%);--awb-flex-wrap:wrap;\" ><div class=\"fusion-builder-row fusion-row fusion-flex-align-items-flex-start fusion-flex-justify-content-center fusion-flex-content-wrap\" style=\"max-width:1456px;margin-left: calc(-4% \/ 2 );margin-right: calc(-4% \/ 2 );\"><div class=\"fusion-layout-column fusion_builder_column fusion-builder-column-11 fusion_builder_column_1_1 1_1 fusion-flex-column\" style=\"--awb-bg-size:cover;--awb-width-large:100%;--awb-margin-top-large:0px;--awb-spacing-right-large:1.92%;--awb-margin-bottom-large:0px;--awb-spacing-left-large:1.92%;--awb-width-medium:100%;--awb-order-medium:0;--awb-spacing-right-medium:1.92%;--awb-spacing-left-medium:1.92%;--awb-width-small:100%;--awb-order-small:0;--awb-spacing-right-small:1.92%;--awb-spacing-left-small:1.92%;\"><div class=\"fusion-column-wrapper fusion-column-has-shadow fusion-flex-justify-content-center fusion-content-layout-row fusion-flex-align-items-center\"><div class=\"fusion-image-element \" style=\"--awb-max-width:200px;--awb-caption-title-font-family:var(--h2_typography-font-family);--awb-caption-title-font-weight:var(--h2_typography-font-weight);--awb-caption-title-font-style:var(--h2_typography-font-style);--awb-caption-title-size:var(--h2_typography-font-size);--awb-caption-title-transform:var(--h2_typography-text-transform);--awb-caption-title-line-height:var(--h2_typography-line-height);--awb-caption-title-letter-spacing:var(--h2_typography-letter-spacing);\"><span class=\" fusion-imageframe imageframe-none imageframe-1 hover-type-none\"><img decoding=\"async\" width=\"400\" height=\"143\" title=\"pdlt_pi-certified-elite-partner\" src=\"https:\/\/www.predictivesuccess.com\/wp-content\/uploads\/2023\/08\/pdlt_pi-certified-elite-partner_fr.png\" alt class=\"img-responsive wp-image-44501\" srcset=\"https:\/\/www.predictivesuccess.com\/wp-content\/uploads\/2023\/08\/pdlt_pi-certified-elite-partner_fr-200x72.png 200w, https:\/\/www.predictivesuccess.com\/wp-content\/uploads\/2023\/08\/pdlt_pi-certified-elite-partner_fr.png 400w\" sizes=\"(max-width: 1024px) 100vw, (max-width: 640px) 100vw, 400px\" \/><\/span><\/div><div class=\"fusion-text fusion-text-16 fusion-text-no-margin\" style=\"--awb-font-size:0.9rem;--awb-line-height:1.2;--awb-text-color:#888888;--awb-margin-bottom:0px;--awb-text-font-family:&quot;Heebo&quot;;--awb-text-font-style:normal;--awb-text-font-weight:400;\"><p>Pr\u00e9vision Succ\u00e8s est un partenaire \u00e9lite certifi\u00e9 de The Predictive Index<sup>\u00ae<\/sup><br \/>\nPredictive Index<sup>\u00ae<\/sup> est une marque d\u00e9pos\u00e9e de Predictive Index LLC et est utilis\u00e9e ici avec autorisation.<\/p>\n<\/div><\/div><\/div><\/div><\/div>\n<\/p>\n","protected":false},"excerpt":{"rendered":"","protected":false},"author":39,"featured_media":0,"parent":44340,"menu_order":0,"comment_status":"closed","ping_status":"closed","template":"100-width.php","meta":{"_acf_changed":false,"protect_children":false,"footnotes":""},"class_list":["post-44353","page","type-page","status-publish","hentry"],"acf":[],"yoast_head":"<!-- This site is optimized with the Yoast SEO plugin v27.2 - https:\/\/yoast.com\/product\/yoast-seo-wordpress\/ -->\n<title>Regardez les vid\u00e9os de t\u00e9moignages de clients sur la r\u00e9ussite pr\u00e9dictive<\/title>\n<meta name=\"description\" content=\"T\u00e9moignages de r\u00e9ussite pr\u00e9dictive sur l&#039;indice pr\u00e9dictif\" \/>\n<meta name=\"robots\" content=\"index, follow, max-snippet:-1, max-image-preview:large, max-video-preview:-1\" \/>\n<link rel=\"canonical\" href=\"https:\/\/www.predictivesuccess.com\/fr\/centre-de-ressources\/temoignages-video\/\" \/>\n<meta property=\"og:locale\" content=\"fr_FR\" \/>\n<meta property=\"og:type\" content=\"article\" \/>\n<meta property=\"og:title\" content=\"Regardez les vid\u00e9os de t\u00e9moignages de clients sur la r\u00e9ussite pr\u00e9dictive\" \/>\n<meta property=\"og:description\" content=\"T\u00e9moignages de r\u00e9ussite pr\u00e9dictive sur l&#039;indice pr\u00e9dictif\" \/>\n<meta property=\"og:url\" content=\"https:\/\/www.predictivesuccess.com\/fr\/centre-de-ressources\/temoignages-video\/\" \/>\n<meta property=\"og:site_name\" content=\"Predictive Success\" \/>\n<meta name=\"twitter:card\" content=\"summary_large_image\" \/>\n<meta name=\"twitter:site\" content=\"@PredictSuccess\" \/>\n<meta name=\"twitter:label1\" content=\"Dur\u00e9e de lecture estim\u00e9e\" \/>\n\t<meta name=\"twitter:data1\" content=\"15 minutes\" \/>\n<!-- \/ Yoast SEO plugin. -->","yoast_head_json":{"title":"Regardez les vid\u00e9os de t\u00e9moignages de clients sur la r\u00e9ussite pr\u00e9dictive","description":"T\u00e9moignages de r\u00e9ussite pr\u00e9dictive sur l'indice pr\u00e9dictif","robots":{"index":"index","follow":"follow","max-snippet":"max-snippet:-1","max-image-preview":"max-image-preview:large","max-video-preview":"max-video-preview:-1"},"canonical":"https:\/\/www.predictivesuccess.com\/fr\/centre-de-ressources\/temoignages-video\/","og_locale":"fr_FR","og_type":"article","og_title":"Regardez les vid\u00e9os de t\u00e9moignages de clients sur la r\u00e9ussite pr\u00e9dictive","og_description":"T\u00e9moignages de r\u00e9ussite pr\u00e9dictive sur l'indice pr\u00e9dictif","og_url":"https:\/\/www.predictivesuccess.com\/fr\/centre-de-ressources\/temoignages-video\/","og_site_name":"Predictive Success","twitter_card":"summary_large_image","twitter_site":"@PredictSuccess","twitter_misc":{"Dur\u00e9e de lecture estim\u00e9e":"15 minutes"},"schema":{"@context":"https:\/\/schema.org","@graph":[{"@type":"WebPage","@id":"https:\/\/www.predictivesuccess.com\/fr\/centre-de-ressources\/temoignages-video\/","url":"https:\/\/www.predictivesuccess.com\/fr\/centre-de-ressources\/temoignages-video\/","name":"Regardez les vid\u00e9os de t\u00e9moignages de clients sur la r\u00e9ussite pr\u00e9dictive","isPartOf":{"@id":"https:\/\/www.predictivesuccess.com\/fr\/#website"},"datePublished":"2023-08-27T21:00:25+00:00","description":"T\u00e9moignages de r\u00e9ussite pr\u00e9dictive sur l'indice pr\u00e9dictif","breadcrumb":{"@id":"https:\/\/www.predictivesuccess.com\/fr\/centre-de-ressources\/temoignages-video\/#breadcrumb"},"inLanguage":"fr-FR","potentialAction":[{"@type":"ReadAction","target":["https:\/\/www.predictivesuccess.com\/fr\/centre-de-ressources\/temoignages-video\/"]}]},{"@type":"BreadcrumbList","@id":"https:\/\/www.predictivesuccess.com\/fr\/centre-de-ressources\/temoignages-video\/#breadcrumb","itemListElement":[{"@type":"ListItem","position":1,"name":"Accueil","item":"https:\/\/www.predictivesuccess.com\/fr\/"},{"@type":"ListItem","position":2,"name":"Centre de ressources","item":"https:\/\/www.predictivesuccess.com\/fr\/centre-de-ressources\/"},{"@type":"ListItem","position":3,"name":"T\u00e9moignages vid\u00e9o"}]},{"@type":"WebSite","@id":"https:\/\/www.predictivesuccess.com\/fr\/#website","url":"https:\/\/www.predictivesuccess.com\/fr\/","name":"Predictive Success","description":"","potentialAction":[{"@type":"SearchAction","target":{"@type":"EntryPoint","urlTemplate":"https:\/\/www.predictivesuccess.com\/fr\/?s={search_term_string}"},"query-input":{"@type":"PropertyValueSpecification","valueRequired":true,"valueName":"search_term_string"}}],"inLanguage":"fr-FR"}]}},"_links":{"self":[{"href":"https:\/\/www.predictivesuccess.com\/fr\/wp-json\/wp\/v2\/pages\/44353","targetHints":{"allow":["GET"]}}],"collection":[{"href":"https:\/\/www.predictivesuccess.com\/fr\/wp-json\/wp\/v2\/pages"}],"about":[{"href":"https:\/\/www.predictivesuccess.com\/fr\/wp-json\/wp\/v2\/types\/page"}],"author":[{"embeddable":true,"href":"https:\/\/www.predictivesuccess.com\/fr\/wp-json\/wp\/v2\/users\/39"}],"replies":[{"embeddable":true,"href":"https:\/\/www.predictivesuccess.com\/fr\/wp-json\/wp\/v2\/comments?post=44353"}],"version-history":[{"count":2,"href":"https:\/\/www.predictivesuccess.com\/fr\/wp-json\/wp\/v2\/pages\/44353\/revisions"}],"predecessor-version":[{"id":44355,"href":"https:\/\/www.predictivesuccess.com\/fr\/wp-json\/wp\/v2\/pages\/44353\/revisions\/44355"}],"up":[{"embeddable":true,"href":"https:\/\/www.predictivesuccess.com\/fr\/wp-json\/wp\/v2\/pages\/44340"}],"wp:attachment":[{"href":"https:\/\/www.predictivesuccess.com\/fr\/wp-json\/wp\/v2\/media?parent=44353"}],"curies":[{"name":"wp","href":"https:\/\/api.w.org\/{rel}","templated":true}]}}